{"id":1374,"date":"2025-05-21T17:57:11","date_gmt":"2025-05-21T17:57:11","guid":{"rendered":"https:\/\/homologacionesguerrero.com\/paginaweb\/?page_id=1374"},"modified":"2025-10-30T18:29:57","modified_gmt":"2025-10-30T18:29:57","slug":"planificacion","status":"publish","type":"page","link":"https:\/\/homologacionesguerrero.com\/paginaweb\/planificacion\/","title":{"rendered":"Homologaci\u00f3n de Veh\u00edculos y Componentes"},"content":{"rendered":"\t\t<div data-elementor-type=\"wp-page\" data-elementor-id=\"1374\" class=\"elementor elementor-1374\" data-elementor-settings=\"{&quot;ha_cmc_init_switcher&quot;:&quot;no&quot;}\" data-elementor-post-type=\"page\">\n\t\t\t\t<div class=\"elementor-element elementor-element-611d61d e-con-full e-flex e-con e-parent\" data-id=\"611d61d\" data-element_type=\"container\" data-settings=\"{&quot;background_background&quot;:&quot;classic&quot;,&quot;_ha_eqh_enable&quot;:false}\">\n\t\t\t\t<div class=\"elementor-element elementor-element-4ca9f0d6 elementor-widget elementor-widget-heading\" data-id=\"4ca9f0d6\" data-element_type=\"widget\" data-widget_type=\"heading.default\">\n\t\t\t\t<div class=\"elementor-widget-container\">\n\t\t\t\t\t<h1 class=\"elementor-heading-title elementor-size-default\">Homologaci\u00f3n de Veh\u00edculos y Componentes<\/h1>\t\t\t\t<\/div>\n\t\t\t\t<\/div>\n\t\t\t\t<\/div>\n\t\t<div class=\"elementor-element elementor-element-38e63fe e-flex e-con-boxed e-con e-parent\" data-id=\"38e63fe\" data-element_type=\"container\" data-settings=\"{&quot;_ha_eqh_enable&quot;:false}\">\n\t\t\t\t\t<div class=\"e-con-inner\">\n\t\t\t\t<div class=\"elementor-element elementor-element-3823a91 elementor-widget elementor-widget-heading\" data-id=\"3823a91\" data-element_type=\"widget\" data-widget_type=\"heading.default\">\n\t\t\t\t<div class=\"elementor-widget-container\">\n\t\t\t\t\t<h2 class=\"elementor-heading-title elementor-size-default\">Ofrecemos un servicio integral de homologaci\u00f3n de veh\u00edculos y componentes,\nabarcando todas las fases del proceso:<\/h2>\t\t\t\t<\/div>\n\t\t\t\t<\/div>\n\t\t\t\t\t<\/div>\n\t\t\t\t<\/div>\n\t\t<div class=\"elementor-element elementor-element-6d859bee e-con-full e-flex e-con e-parent\" data-id=\"6d859bee\" data-element_type=\"container\" data-settings=\"{&quot;background_background&quot;:&quot;classic&quot;,&quot;_ha_eqh_enable&quot;:false}\">\n\t\t<div class=\"elementor-element elementor-element-334d6a8b e-con-full e-flex e-con e-child\" data-id=\"334d6a8b\" data-element_type=\"container\" data-settings=\"{&quot;animation&quot;:&quot;none&quot;,&quot;_ha_eqh_enable&quot;:false}\">\n\t\t<div class=\"elementor-element elementor-element-29e4dbff e-con-full animated-slow e-flex e-con e-child\" data-id=\"29e4dbff\" data-element_type=\"container\" data-settings=\"{&quot;animation&quot;:&quot;none&quot;,&quot;_ha_eqh_enable&quot;:false}\">\n\t\t\t\t<div class=\"elementor-element elementor-element-2897e48f elementor-widget elementor-widget-image\" data-id=\"2897e48f\" data-element_type=\"widget\" data-widget_type=\"image.default\">\n\t\t\t\t<div class=\"elementor-widget-container\">\n\t\t\t\t\t\t\t\t\t\t\t\t\t\t\t<img fetchpriority=\"high\" decoding=\"async\" width=\"858\" height=\"888\" src=\"https:\/\/homologacionesguerrero.com\/paginaweb\/wp-content\/uploads\/2025\/10\/Sin-titulo-858-x-888-px-3.png\" class=\"attachment-large size-large wp-image-2287\" alt=\"\" srcset=\"https:\/\/homologacionesguerrero.com\/paginaweb\/wp-content\/uploads\/2025\/10\/Sin-titulo-858-x-888-px-3.png 858w, https:\/\/homologacionesguerrero.com\/paginaweb\/wp-content\/uploads\/2025\/10\/Sin-titulo-858-x-888-px-3-290x300.png 290w, https:\/\/homologacionesguerrero.com\/paginaweb\/wp-content\/uploads\/2025\/10\/Sin-titulo-858-x-888-px-3-768x795.png 768w\" sizes=\"(max-width: 858px) 100vw, 858px\" \/>\t\t\t\t\t\t\t\t\t\t\t\t\t\t\t<\/div>\n\t\t\t\t<\/div>\n\t\t\t\t<\/div>\n\t\t\t\t<div class=\"elementor-element elementor-element-31fefedb elementor-widget elementor-widget-text-editor\" data-id=\"31fefedb\" data-element_type=\"widget\" data-widget_type=\"text-editor.default\">\n\t\t\t\t<div class=\"elementor-widget-container\">\n\t\t\t\t\t\t\t\t\t<div>\u00a0<\/div><ul><li><strong>Desarrollo del plan de homologaci\u00f3n<\/strong>, adaptado a las necesidades espec\u00edficas de cada fabricante o importador.<\/li><li><strong>Solicitud y tramitaci\u00f3n de la homologaci\u00f3n<\/strong>, asegurando el cumplimiento de los requisitos t\u00e9cnicos y normativos en vigor.<\/li><li><strong>Elaboraci\u00f3n de la documentaci\u00f3n<\/strong> necesaria de forma clara, precisa y conforme a la normativa.<\/li><li><strong>Coordinaci\u00f3n de todas las partes implicadas<\/strong> \u2014Ministerio de Industria, Unidad de Certificaci\u00f3n del Autom\u00f3vil (UCA), Servicios T\u00e9cnicos Autorizados, estaciones ITV\u2014 para agilizar los tr\u00e1mites y garantizar la validez de todo el proceso.<\/li><li><strong>Seguimiento continuo del plan de homologaci\u00f3n<\/strong> hasta la obtenci\u00f3n del certificado definitivo, asegurando un resultado eficaz y sin complicaciones para el cliente.<\/li><\/ul>\t\t\t\t\t\t\t\t<\/div>\n\t\t\t\t<\/div>\n\t\t\t\t<\/div>\n\t\t\t\t<\/div>\n\t\t\t\t<\/div>\n\t\t","protected":false},"excerpt":{"rendered":"<p>Homologaci\u00f3n de Veh\u00edculos y Componentes Ofrecemos un servicio integral de homologaci\u00f3n de veh\u00edculos y componentes, abarcando todas las fases del proceso: \u00a0 Desarrollo del plan de homologaci\u00f3n, adaptado a las necesidades espec\u00edficas de cada fabricante o importador. Solicitud y tramitaci\u00f3n de la homologaci\u00f3n, asegurando el cumplimiento de los requisitos t\u00e9cnicos y normativos en vigor. Elaboraci\u00f3n [&hellip;]<\/p>\n","protected":false},"author":1,"featured_media":0,"parent":0,"menu_order":0,"comment_status":"closed","ping_status":"closed","template":"","meta":{"site-sidebar-layout":"no-sidebar","site-content-layout":"page-builder","ast-site-content-layout":"full-width-container","site-content-style":"default","site-sidebar-style":"default","ast-global-header-display":"","ast-banner-title-visibility":"","ast-main-header-display":"","ast-hfb-above-header-display":"","ast-hfb-below-header-display":"","ast-hfb-mobile-header-display":"","site-post-title":"disabled","ast-breadcrumbs-content":"","ast-featured-img":"disabled","footer-sml-layout":"","theme-transparent-header-meta":"","adv-header-id-meta":"","stick-header-meta":"","header-above-stick-meta":"","header-main-stick-meta":"","header-below-stick-meta":"","astra-migrate-meta-layouts":"set","ast-page-background-enabled":"default","ast-page-background-meta":{"desktop":{"background-color":"","background-image":"","background-repeat":"repeat","background-position":"center center","background-size":"auto","background-attachment":"scroll","background-type":"","background-media":"","overlay-type":"","overlay-color":"","overlay-opacity":"","overlay-gradient":""},"tablet":{"background-color":"","background-image":"","background-repeat":"repeat","background-position":"center center","background-size":"auto","background-attachment":"scroll","background-type":"","background-media":"","overlay-type":"","overlay-color":"","overlay-opacity":"","overlay-gradient":""},"mobile":{"background-color":"","background-image":"","background-repeat":"repeat","background-position":"center center","background-size":"auto","background-attachment":"scroll","background-type":"","background-media":"","overlay-type":"","overlay-color":"","overlay-opacity":"","overlay-gradient":""}},"ast-content-background-meta":{"desktop":{"background-color":"var(--ast-global-color-5)","background-image":"","background-repeat":"repeat","background-position":"center center","background-size":"auto","background-attachment":"scroll","background-type":"","background-media":"","overlay-type":"","overlay-color":"","overlay-opacity":"","overlay-gradient":""},"tablet":{"background-color":"var(--ast-global-color-5)","background-image":"","background-repeat":"repeat","background-position":"center center","background-size":"auto","background-attachment":"scroll","background-type":"","background-media":"","overlay-type":"","overlay-color":"","overlay-opacity":"","overlay-gradient":""},"mobile":{"background-color":"var(--ast-global-color-5)","background-image":"","background-repeat":"repeat","background-position":"center center","background-size":"auto","background-attachment":"scroll","background-type":"","background-media":"","overlay-type":"","overlay-color":"","overlay-opacity":"","overlay-gradient":""}},"footnotes":""},"class_list":["post-1374","page","type-page","status-publish","hentry"],"yoast_head":"<!-- This site is optimized with the Yoast SEO plugin v26.0 - https:\/\/yoast.com\/wordpress\/plugins\/seo\/ -->\r\n<title>Homologaci\u00f3n de Veh\u00edculos y Componentes - homologaciones guerrero<\/title>\r\n<meta name=\"description\" content=\"En Homologaciones Guerrero ponemos a disposici\u00f3n de nuestros clientes un servicio completo de homologaci\u00f3n\" \/>\r\n<meta name=\"robots\" content=\"index, follow, max-snippet:-1, max-image-preview:large, max-video-preview:-1\" \/>\r\n<link rel=\"canonical\" href=\"https:\/\/homologacionesguerrero.com\/paginaweb\/planificacion\/\" \/>\r\n<meta property=\"og:locale\" content=\"es_ES\" \/>\r\n<meta property=\"og:type\" content=\"article\" \/>\r\n<meta property=\"og:title\" content=\"Homologaci\u00f3n de Veh\u00edculos y Componentes - homologaciones guerrero\" \/>\r\n<meta property=\"og:description\" content=\"En Homologaciones Guerrero ponemos a disposici\u00f3n de nuestros clientes un servicio completo de homologaci\u00f3n\" \/>\r\n<meta property=\"og:url\" content=\"https:\/\/homologacionesguerrero.com\/paginaweb\/planificacion\/\" \/>\r\n<meta property=\"og:site_name\" content=\"homologaciones guerrero\" \/>\r\n<meta property=\"article:modified_time\" content=\"2025-10-30T18:29:57+00:00\" \/>\r\n<meta property=\"og:image\" content=\"http:\/\/homologacionesguerrero.com\/paginaweb\/wp-content\/uploads\/2025\/10\/Sin-titulo-858-x-888-px-3.png\" \/>\r\n<meta name=\"twitter:card\" content=\"summary_large_image\" \/>\r\n<meta name=\"twitter:label1\" content=\"Tiempo de lectura\" \/>\n\t<meta name=\"twitter:data1\" content=\"1 minuto\" \/>\r\n<script type=\"application\/ld+json\" class=\"yoast-schema-graph\">{\"@context\":\"https:\/\/schema.org\",\"@graph\":[{\"@type\":\"WebPage\",\"@id\":\"https:\/\/homologacionesguerrero.com\/paginaweb\/planificacion\/\",\"url\":\"https:\/\/homologacionesguerrero.com\/paginaweb\/planificacion\/\",\"name\":\"Homologaci\u00f3n de Veh\u00edculos y Componentes - homologaciones guerrero\",\"isPartOf\":{\"@id\":\"https:\/\/homologacionesguerrero.com\/paginaweb\/#website\"},\"primaryImageOfPage\":{\"@id\":\"https:\/\/homologacionesguerrero.com\/paginaweb\/planificacion\/#primaryimage\"},\"image\":{\"@id\":\"https:\/\/homologacionesguerrero.com\/paginaweb\/planificacion\/#primaryimage\"},\"thumbnailUrl\":\"http:\/\/homologacionesguerrero.com\/paginaweb\/wp-content\/uploads\/2025\/10\/Sin-titulo-858-x-888-px-3.png\",\"datePublished\":\"2025-05-21T17:57:11+00:00\",\"dateModified\":\"2025-10-30T18:29:57+00:00\",\"description\":\"En Homologaciones Guerrero ponemos a disposici\u00f3n de nuestros clientes un servicio completo de homologaci\u00f3n\",\"breadcrumb\":{\"@id\":\"https:\/\/homologacionesguerrero.com\/paginaweb\/planificacion\/#breadcrumb\"},\"inLanguage\":\"es\",\"potentialAction\":[{\"@type\":\"ReadAction\",\"target\":[\"https:\/\/homologacionesguerrero.com\/paginaweb\/planificacion\/\"]}]},{\"@type\":\"ImageObject\",\"inLanguage\":\"es\",\"@id\":\"https:\/\/homologacionesguerrero.com\/paginaweb\/planificacion\/#primaryimage\",\"url\":\"https:\/\/homologacionesguerrero.com\/paginaweb\/wp-content\/uploads\/2025\/10\/Sin-titulo-858-x-888-px-3.png\",\"contentUrl\":\"https:\/\/homologacionesguerrero.com\/paginaweb\/wp-content\/uploads\/2025\/10\/Sin-titulo-858-x-888-px-3.png\",\"width\":858,\"height\":888},{\"@type\":\"BreadcrumbList\",\"@id\":\"https:\/\/homologacionesguerrero.com\/paginaweb\/planificacion\/#breadcrumb\",\"itemListElement\":[{\"@type\":\"ListItem\",\"position\":1,\"name\":\"Portada\",\"item\":\"https:\/\/homologacionesguerrero.com\/paginaweb\/\"},{\"@type\":\"ListItem\",\"position\":2,\"name\":\"Homologaci\u00f3n de Veh\u00edculos y Componentes\"}]},{\"@type\":\"WebSite\",\"@id\":\"https:\/\/homologacionesguerrero.com\/paginaweb\/#website\",\"url\":\"https:\/\/homologacionesguerrero.com\/paginaweb\/\",\"name\":\"homologaciones guerrero\",\"description\":\"Homologaciones Guerrero naci\u00f3 en 1981 como una empresa pionera en Espa\u00f1a dentro del sector de la homologaci\u00f3n de veh\u00edculos y componentes.\",\"publisher\":{\"@id\":\"https:\/\/homologacionesguerrero.com\/paginaweb\/#organization\"},\"potentialAction\":[{\"@type\":\"SearchAction\",\"target\":{\"@type\":\"EntryPoint\",\"urlTemplate\":\"https:\/\/homologacionesguerrero.com\/paginaweb\/?s={search_term_string}\"},\"query-input\":{\"@type\":\"PropertyValueSpecification\",\"valueRequired\":true,\"valueName\":\"search_term_string\"}}],\"inLanguage\":\"es\"},{\"@type\":\"Organization\",\"@id\":\"https:\/\/homologacionesguerrero.com\/paginaweb\/#organization\",\"name\":\"homologaciones guerrero\",\"url\":\"https:\/\/homologacionesguerrero.com\/paginaweb\/\",\"logo\":{\"@type\":\"ImageObject\",\"inLanguage\":\"es\",\"@id\":\"https:\/\/homologacionesguerrero.com\/paginaweb\/#\/schema\/logo\/image\/\",\"url\":\"https:\/\/homologacionesguerrero.com\/paginaweb\/wp-content\/uploads\/2025\/05\/homologaciones-logo_s.png\",\"contentUrl\":\"https:\/\/homologacionesguerrero.com\/paginaweb\/wp-content\/uploads\/2025\/05\/homologaciones-logo_s.png\",\"width\":75,\"height\":59,\"caption\":\"homologaciones guerrero\"},\"image\":{\"@id\":\"https:\/\/homologacionesguerrero.com\/paginaweb\/#\/schema\/logo\/image\/\"}}]}<\/script>\r\n<!-- \/ Yoast SEO plugin. -->","yoast_head_json":{"title":"Homologaci\u00f3n de Veh\u00edculos y Componentes - homologaciones guerrero","description":"En Homologaciones Guerrero ponemos a disposici\u00f3n de nuestros clientes un servicio completo de homologaci\u00f3n","robots":{"index":"index","follow":"follow","max-snippet":"max-snippet:-1","max-image-preview":"max-image-preview:large","max-video-preview":"max-video-preview:-1"},"canonical":"https:\/\/homologacionesguerrero.com\/paginaweb\/planificacion\/","og_locale":"es_ES","og_type":"article","og_title":"Homologaci\u00f3n de Veh\u00edculos y Componentes - homologaciones guerrero","og_description":"En Homologaciones Guerrero ponemos a disposici\u00f3n de nuestros clientes un servicio completo de homologaci\u00f3n","og_url":"https:\/\/homologacionesguerrero.com\/paginaweb\/planificacion\/","og_site_name":"homologaciones guerrero","article_modified_time":"2025-10-30T18:29:57+00:00","og_image":[{"url":"http:\/\/homologacionesguerrero.com\/paginaweb\/wp-content\/uploads\/2025\/10\/Sin-titulo-858-x-888-px-3.png","type":"","width":"","height":""}],"twitter_card":"summary_large_image","twitter_misc":{"Tiempo de lectura":"1 minuto"},"schema":{"@context":"https:\/\/schema.org","@graph":[{"@type":"WebPage","@id":"https:\/\/homologacionesguerrero.com\/paginaweb\/planificacion\/","url":"https:\/\/homologacionesguerrero.com\/paginaweb\/planificacion\/","name":"Homologaci\u00f3n de Veh\u00edculos y Componentes - homologaciones guerrero","isPartOf":{"@id":"https:\/\/homologacionesguerrero.com\/paginaweb\/#website"},"primaryImageOfPage":{"@id":"https:\/\/homologacionesguerrero.com\/paginaweb\/planificacion\/#primaryimage"},"image":{"@id":"https:\/\/homologacionesguerrero.com\/paginaweb\/planificacion\/#primaryimage"},"thumbnailUrl":"http:\/\/homologacionesguerrero.com\/paginaweb\/wp-content\/uploads\/2025\/10\/Sin-titulo-858-x-888-px-3.png","datePublished":"2025-05-21T17:57:11+00:00","dateModified":"2025-10-30T18:29:57+00:00","description":"En Homologaciones Guerrero ponemos a disposici\u00f3n de nuestros clientes un servicio completo de homologaci\u00f3n","breadcrumb":{"@id":"https:\/\/homologacionesguerrero.com\/paginaweb\/planificacion\/#breadcrumb"},"inLanguage":"es","potentialAction":[{"@type":"ReadAction","target":["https:\/\/homologacionesguerrero.com\/paginaweb\/planificacion\/"]}]},{"@type":"ImageObject","inLanguage":"es","@id":"https:\/\/homologacionesguerrero.com\/paginaweb\/planificacion\/#primaryimage","url":"https:\/\/homologacionesguerrero.com\/paginaweb\/wp-content\/uploads\/2025\/10\/Sin-titulo-858-x-888-px-3.png","contentUrl":"https:\/\/homologacionesguerrero.com\/paginaweb\/wp-content\/uploads\/2025\/10\/Sin-titulo-858-x-888-px-3.png","width":858,"height":888},{"@type":"BreadcrumbList","@id":"https:\/\/homologacionesguerrero.com\/paginaweb\/planificacion\/#breadcrumb","itemListElement":[{"@type":"ListItem","position":1,"name":"Portada","item":"https:\/\/homologacionesguerrero.com\/paginaweb\/"},{"@type":"ListItem","position":2,"name":"Homologaci\u00f3n de Veh\u00edculos y Componentes"}]},{"@type":"WebSite","@id":"https:\/\/homologacionesguerrero.com\/paginaweb\/#website","url":"https:\/\/homologacionesguerrero.com\/paginaweb\/","name":"homologaciones guerrero","description":"Homologaciones Guerrero naci\u00f3 en 1981 como una empresa pionera en Espa\u00f1a dentro del sector de la homologaci\u00f3n de veh\u00edculos y componentes.","publisher":{"@id":"https:\/\/homologacionesguerrero.com\/paginaweb\/#organization"},"potentialAction":[{"@type":"SearchAction","target":{"@type":"EntryPoint","urlTemplate":"https:\/\/homologacionesguerrero.com\/paginaweb\/?s={search_term_string}"},"query-input":{"@type":"PropertyValueSpecification","valueRequired":true,"valueName":"search_term_string"}}],"inLanguage":"es"},{"@type":"Organization","@id":"https:\/\/homologacionesguerrero.com\/paginaweb\/#organization","name":"homologaciones guerrero","url":"https:\/\/homologacionesguerrero.com\/paginaweb\/","logo":{"@type":"ImageObject","inLanguage":"es","@id":"https:\/\/homologacionesguerrero.com\/paginaweb\/#\/schema\/logo\/image\/","url":"https:\/\/homologacionesguerrero.com\/paginaweb\/wp-content\/uploads\/2025\/05\/homologaciones-logo_s.png","contentUrl":"https:\/\/homologacionesguerrero.com\/paginaweb\/wp-content\/uploads\/2025\/05\/homologaciones-logo_s.png","width":75,"height":59,"caption":"homologaciones guerrero"},"image":{"@id":"https:\/\/homologacionesguerrero.com\/paginaweb\/#\/schema\/logo\/image\/"}}]}},"_links":{"self":[{"href":"https:\/\/homologacionesguerrero.com\/paginaweb\/wp-json\/wp\/v2\/pages\/1374","targetHints":{"allow":["GET"]}}],"collection":[{"href":"https:\/\/homologacionesguerrero.com\/paginaweb\/wp-json\/wp\/v2\/pages"}],"about":[{"href":"https:\/\/homologacionesguerrero.com\/paginaweb\/wp-json\/wp\/v2\/types\/page"}],"author":[{"embeddable":true,"href":"https:\/\/homologacionesguerrero.com\/paginaweb\/wp-json\/wp\/v2\/users\/1"}],"replies":[{"embeddable":true,"href":"https:\/\/homologacionesguerrero.com\/paginaweb\/wp-json\/wp\/v2\/comments?post=1374"}],"version-history":[{"count":80,"href":"https:\/\/homologacionesguerrero.com\/paginaweb\/wp-json\/wp\/v2\/pages\/1374\/revisions"}],"predecessor-version":[{"id":2516,"href":"https:\/\/homologacionesguerrero.com\/paginaweb\/wp-json\/wp\/v2\/pages\/1374\/revisions\/2516"}],"wp:attachment":[{"href":"https:\/\/homologacionesguerrero.com\/paginaweb\/wp-json\/wp\/v2\/media?parent=1374"}],"curies":[{"name":"wp","href":"https:\/\/api.w.org\/{rel}","templated":true}]}}