{"id":1378,"date":"2025-05-21T17:57:47","date_gmt":"2025-05-21T17:57:47","guid":{"rendered":"https:\/\/homologacionesguerrero.com\/paginaweb\/?page_id=1378"},"modified":"2025-10-30T14:48:45","modified_gmt":"2025-10-30T14:48:45","slug":"produccion","status":"publish","type":"page","link":"https:\/\/homologacionesguerrero.com\/paginaweb\/produccion\/","title":{"rendered":"Conformidad de la Producci\u00f3n"},"content":{"rendered":"\t\t<div data-elementor-type=\"wp-page\" data-elementor-id=\"1378\" class=\"elementor elementor-1378\" data-elementor-settings=\"{&quot;ha_cmc_init_switcher&quot;:&quot;no&quot;}\" data-elementor-post-type=\"page\">\n\t\t\t\t<div class=\"elementor-element elementor-element-385d0d9 e-con-full e-flex e-con e-parent\" data-id=\"385d0d9\" data-element_type=\"container\" data-settings=\"{&quot;background_background&quot;:&quot;classic&quot;,&quot;_ha_eqh_enable&quot;:false}\">\n\t\t\t\t<div class=\"elementor-element elementor-element-0162160 elementor-widget elementor-widget-heading\" data-id=\"0162160\" data-element_type=\"widget\" data-widget_type=\"heading.default\">\n\t\t\t\t<div class=\"elementor-widget-container\">\n\t\t\t\t\t<h2 class=\"elementor-heading-title elementor-size-default\">Conformidad de la producci\u00f3n<\/h2>\t\t\t\t<\/div>\n\t\t\t\t<\/div>\n\t\t\t\t<\/div>\n\t\t<div class=\"elementor-element elementor-element-12e48e8 e-flex e-con-boxed e-con e-parent\" data-id=\"12e48e8\" data-element_type=\"container\" data-settings=\"{&quot;background_background&quot;:&quot;classic&quot;,&quot;_ha_eqh_enable&quot;:false}\">\n\t\t\t\t\t<div class=\"e-con-inner\">\n\t\t<div class=\"elementor-element elementor-element-2ba664d e-con-full e-flex e-con e-child\" data-id=\"2ba664d\" data-element_type=\"container\" data-settings=\"{&quot;animation&quot;:&quot;none&quot;,&quot;_ha_eqh_enable&quot;:false}\">\n\t\t\t\t<div class=\"elementor-element elementor-element-fc00e25 elementor-widget elementor-widget-text-editor\" data-id=\"fc00e25\" data-element_type=\"widget\" data-widget_type=\"text-editor.default\">\n\t\t\t\t<div class=\"elementor-widget-container\">\n\t\t\t\t\t\t\t\t\t<ul><li>\u00a0An\u00e1lisis de procedimientos y documentaci\u00f3n del fabricante.<\/li><li>\u00a0Elaboraci\u00f3n o actualizaci\u00f3n del plan de conformidad de la producci\u00f3n.<\/li><li>\u00a0Desarrollo de planes de ensayo y control del COP.<\/li><li>\u00a0Soporte presencial en las inspecciones.<\/li><li>\u00a0Seguimiento y plan correctivo si procede, para la obtenci\u00f3n del certificado.<\/li><\/ul>\t\t\t\t\t\t\t\t<\/div>\n\t\t\t\t<\/div>\n\t\t\t\t<\/div>\n\t\t<div class=\"elementor-element elementor-element-738bb7f e-con-full animated-slow e-flex e-con e-child\" data-id=\"738bb7f\" data-element_type=\"container\" data-settings=\"{&quot;animation&quot;:&quot;none&quot;,&quot;_ha_eqh_enable&quot;:false}\">\n\t\t\t\t<div class=\"elementor-element elementor-element-1821063 elementor-widget elementor-widget-image\" data-id=\"1821063\" data-element_type=\"widget\" data-widget_type=\"image.default\">\n\t\t\t\t<div class=\"elementor-widget-container\">\n\t\t\t\t\t\t\t\t\t\t\t\t\t\t\t<img fetchpriority=\"high\" decoding=\"async\" width=\"1024\" height=\"1024\" src=\"https:\/\/homologacionesguerrero.com\/paginaweb\/wp-content\/uploads\/2025\/05\/person-holding-checklist-inspecting-factory-safety-compliance-1024x1024.jpg\" class=\"attachment-large size-large wp-image-1517\" alt=\"\" srcset=\"https:\/\/homologacionesguerrero.com\/paginaweb\/wp-content\/uploads\/2025\/05\/person-holding-checklist-inspecting-factory-safety-compliance-1024x1024.jpg 1024w, https:\/\/homologacionesguerrero.com\/paginaweb\/wp-content\/uploads\/2025\/05\/person-holding-checklist-inspecting-factory-safety-compliance-300x300.jpg 300w, https:\/\/homologacionesguerrero.com\/paginaweb\/wp-content\/uploads\/2025\/05\/person-holding-checklist-inspecting-factory-safety-compliance-150x150.jpg 150w, https:\/\/homologacionesguerrero.com\/paginaweb\/wp-content\/uploads\/2025\/05\/person-holding-checklist-inspecting-factory-safety-compliance-768x768.jpg 768w, https:\/\/homologacionesguerrero.com\/paginaweb\/wp-content\/uploads\/2025\/05\/person-holding-checklist-inspecting-factory-safety-compliance-1536x1536.jpg 1536w, https:\/\/homologacionesguerrero.com\/paginaweb\/wp-content\/uploads\/2025\/05\/person-holding-checklist-inspecting-factory-safety-compliance-2048x2048.jpg 2048w\" sizes=\"(max-width: 1024px) 100vw, 1024px\" \/>\t\t\t\t\t\t\t\t\t\t\t\t\t\t\t<\/div>\n\t\t\t\t<\/div>\n\t\t\t\t<\/div>\n\t\t\t\t\t<\/div>\n\t\t\t\t<\/div>\n\t\t\t\t<\/div>\n\t\t","protected":false},"excerpt":{"rendered":"<p>Conformidad de la producci\u00f3n \u00a0An\u00e1lisis de procedimientos y documentaci\u00f3n del fabricante. \u00a0Elaboraci\u00f3n o actualizaci\u00f3n del plan de conformidad de la producci\u00f3n. \u00a0Desarrollo de planes de ensayo y control del COP. \u00a0Soporte presencial en las inspecciones. \u00a0Seguimiento y plan correctivo si procede, para la obtenci\u00f3n del certificado.<\/p>\n","protected":false},"author":1,"featured_media":0,"parent":0,"menu_order":0,"comment_status":"closed","ping_status":"closed","template":"","meta":{"site-sidebar-layout":"no-sidebar","site-content-layout":"page-builder","ast-site-content-layout":"full-width-container","site-content-style":"default","site-sidebar-style":"default","ast-global-header-display":"","ast-banner-title-visibility":"","ast-main-header-display":"","ast-hfb-above-header-display":"","ast-hfb-below-header-display":"","ast-hfb-mobile-header-display":"","site-post-title":"disabled","ast-breadcrumbs-content":"","ast-featured-img":"disabled","footer-sml-layout":"","theme-transparent-header-meta":"","adv-header-id-meta":"","stick-header-meta":"","header-above-stick-meta":"","header-main-stick-meta":"","header-below-stick-meta":"","astra-migrate-meta-layouts":"set","ast-page-background-enabled":"default","ast-page-background-meta":{"desktop":{"background-color":"","background-image":"","background-repeat":"repeat","background-position":"center center","background-size":"auto","background-attachment":"scroll","background-type":"","background-media":"","overlay-type":"","overlay-color":"","overlay-opacity":"","overlay-gradient":""},"tablet":{"background-color":"","background-image":"","background-repeat":"repeat","background-position":"center center","background-size":"auto","background-attachment":"scroll","background-type":"","background-media":"","overlay-type":"","overlay-color":"","overlay-opacity":"","overlay-gradient":""},"mobile":{"background-color":"","background-image":"","background-repeat":"repeat","background-position":"center center","background-size":"auto","background-attachment":"scroll","background-type":"","background-media":"","overlay-type":"","overlay-color":"","overlay-opacity":"","overlay-gradient":""}},"ast-content-background-meta":{"desktop":{"background-color":"var(--ast-global-color-5)","background-image":"","background-repeat":"repeat","background-position":"center center","background-size":"auto","background-attachment":"scroll","background-type":"","background-media":"","overlay-type":"","overlay-color":"","overlay-opacity":"","overlay-gradient":""},"tablet":{"background-color":"var(--ast-global-color-5)","background-image":"","background-repeat":"repeat","background-position":"center center","background-size":"auto","background-attachment":"scroll","background-type":"","background-media":"","overlay-type":"","overlay-color":"","overlay-opacity":"","overlay-gradient":""},"mobile":{"background-color":"var(--ast-global-color-5)","background-image":"","background-repeat":"repeat","background-position":"center center","background-size":"auto","background-attachment":"scroll","background-type":"","background-media":"","overlay-type":"","overlay-color":"","overlay-opacity":"","overlay-gradient":""}},"footnotes":""},"class_list":["post-1378","page","type-page","status-publish","hentry"],"yoast_head":"<!-- This site is optimized with the Yoast SEO plugin v26.0 - https:\/\/yoast.com\/wordpress\/plugins\/seo\/ -->\r\n<title>Conformidad de la Producci\u00f3n - homologaciones guerrero<\/title>\r\n<meta name=\"robots\" content=\"index, follow, max-snippet:-1, max-image-preview:large, max-video-preview:-1\" \/>\r\n<link rel=\"canonical\" href=\"https:\/\/homologacionesguerrero.com\/paginaweb\/produccion\/\" \/>\r\n<meta property=\"og:locale\" content=\"es_ES\" \/>\r\n<meta property=\"og:type\" content=\"article\" \/>\r\n<meta property=\"og:title\" content=\"Conformidad de la Producci\u00f3n - homologaciones guerrero\" \/>\r\n<meta property=\"og:description\" content=\"Conformidad de la producci\u00f3n \u00a0An\u00e1lisis de procedimientos y documentaci\u00f3n del fabricante. \u00a0Elaboraci\u00f3n o actualizaci\u00f3n del plan de conformidad de la producci\u00f3n. \u00a0Desarrollo de planes de ensayo y control del COP. \u00a0Soporte presencial en las inspecciones. \u00a0Seguimiento y plan correctivo si procede, para la obtenci\u00f3n del certificado.\" \/>\r\n<meta property=\"og:url\" content=\"https:\/\/homologacionesguerrero.com\/paginaweb\/produccion\/\" \/>\r\n<meta property=\"og:site_name\" content=\"homologaciones guerrero\" \/>\r\n<meta property=\"article:modified_time\" content=\"2025-10-30T14:48:45+00:00\" \/>\r\n<meta property=\"og:image\" content=\"https:\/\/homologacionesguerrero.com\/paginaweb\/wp-content\/uploads\/2025\/05\/person-holding-checklist-inspecting-factory-safety-compliance-1024x1024.jpg\" \/>\r\n\t<meta property=\"og:image:width\" content=\"1024\" \/>\r\n\t<meta property=\"og:image:height\" content=\"1024\" \/>\r\n\t<meta property=\"og:image:type\" content=\"image\/jpeg\" \/>\r\n<meta name=\"twitter:card\" content=\"summary_large_image\" \/>\r\n<meta name=\"twitter:label1\" content=\"Tiempo de lectura\" \/>\n\t<meta name=\"twitter:data1\" content=\"1 minuto\" \/>\r\n<script type=\"application\/ld+json\" class=\"yoast-schema-graph\">{\"@context\":\"https:\/\/schema.org\",\"@graph\":[{\"@type\":\"WebPage\",\"@id\":\"https:\/\/homologacionesguerrero.com\/paginaweb\/produccion\/\",\"url\":\"https:\/\/homologacionesguerrero.com\/paginaweb\/produccion\/\",\"name\":\"Conformidad de la Producci\u00f3n - homologaciones guerrero\",\"isPartOf\":{\"@id\":\"https:\/\/homologacionesguerrero.com\/paginaweb\/#website\"},\"primaryImageOfPage\":{\"@id\":\"https:\/\/homologacionesguerrero.com\/paginaweb\/produccion\/#primaryimage\"},\"image\":{\"@id\":\"https:\/\/homologacionesguerrero.com\/paginaweb\/produccion\/#primaryimage\"},\"thumbnailUrl\":\"http:\/\/homologacionesguerrero.com\/paginaweb\/wp-content\/uploads\/2025\/05\/person-holding-checklist-inspecting-factory-safety-compliance-1024x1024.jpg\",\"datePublished\":\"2025-05-21T17:57:47+00:00\",\"dateModified\":\"2025-10-30T14:48:45+00:00\",\"breadcrumb\":{\"@id\":\"https:\/\/homologacionesguerrero.com\/paginaweb\/produccion\/#breadcrumb\"},\"inLanguage\":\"es\",\"potentialAction\":[{\"@type\":\"ReadAction\",\"target\":[\"https:\/\/homologacionesguerrero.com\/paginaweb\/produccion\/\"]}]},{\"@type\":\"ImageObject\",\"inLanguage\":\"es\",\"@id\":\"https:\/\/homologacionesguerrero.com\/paginaweb\/produccion\/#primaryimage\",\"url\":\"https:\/\/homologacionesguerrero.com\/paginaweb\/wp-content\/uploads\/2025\/05\/person-holding-checklist-inspecting-factory-safety-compliance.jpg\",\"contentUrl\":\"https:\/\/homologacionesguerrero.com\/paginaweb\/wp-content\/uploads\/2025\/05\/person-holding-checklist-inspecting-factory-safety-compliance.jpg\",\"width\":2560,\"height\":2560},{\"@type\":\"BreadcrumbList\",\"@id\":\"https:\/\/homologacionesguerrero.com\/paginaweb\/produccion\/#breadcrumb\",\"itemListElement\":[{\"@type\":\"ListItem\",\"position\":1,\"name\":\"Portada\",\"item\":\"https:\/\/homologacionesguerrero.com\/paginaweb\/\"},{\"@type\":\"ListItem\",\"position\":2,\"name\":\"Conformidad de la Producci\u00f3n\"}]},{\"@type\":\"WebSite\",\"@id\":\"https:\/\/homologacionesguerrero.com\/paginaweb\/#website\",\"url\":\"https:\/\/homologacionesguerrero.com\/paginaweb\/\",\"name\":\"homologaciones guerrero\",\"description\":\"Homologaciones Guerrero naci\u00f3 en 1981 como una empresa pionera en Espa\u00f1a dentro del sector de la homologaci\u00f3n de veh\u00edculos y componentes.\",\"publisher\":{\"@id\":\"https:\/\/homologacionesguerrero.com\/paginaweb\/#organization\"},\"potentialAction\":[{\"@type\":\"SearchAction\",\"target\":{\"@type\":\"EntryPoint\",\"urlTemplate\":\"https:\/\/homologacionesguerrero.com\/paginaweb\/?s={search_term_string}\"},\"query-input\":{\"@type\":\"PropertyValueSpecification\",\"valueRequired\":true,\"valueName\":\"search_term_string\"}}],\"inLanguage\":\"es\"},{\"@type\":\"Organization\",\"@id\":\"https:\/\/homologacionesguerrero.com\/paginaweb\/#organization\",\"name\":\"homologaciones guerrero\",\"url\":\"https:\/\/homologacionesguerrero.com\/paginaweb\/\",\"logo\":{\"@type\":\"ImageObject\",\"inLanguage\":\"es\",\"@id\":\"https:\/\/homologacionesguerrero.com\/paginaweb\/#\/schema\/logo\/image\/\",\"url\":\"https:\/\/homologacionesguerrero.com\/paginaweb\/wp-content\/uploads\/2025\/05\/homologaciones-logo_s.png\",\"contentUrl\":\"https:\/\/homologacionesguerrero.com\/paginaweb\/wp-content\/uploads\/2025\/05\/homologaciones-logo_s.png\",\"width\":75,\"height\":59,\"caption\":\"homologaciones guerrero\"},\"image\":{\"@id\":\"https:\/\/homologacionesguerrero.com\/paginaweb\/#\/schema\/logo\/image\/\"}}]}<\/script>\r\n<!-- \/ Yoast SEO plugin. -->","yoast_head_json":{"title":"Conformidad de la Producci\u00f3n - homologaciones guerrero","robots":{"index":"index","follow":"follow","max-snippet":"max-snippet:-1","max-image-preview":"max-image-preview:large","max-video-preview":"max-video-preview:-1"},"canonical":"https:\/\/homologacionesguerrero.com\/paginaweb\/produccion\/","og_locale":"es_ES","og_type":"article","og_title":"Conformidad de la Producci\u00f3n - homologaciones guerrero","og_description":"Conformidad de la producci\u00f3n \u00a0An\u00e1lisis de procedimientos y documentaci\u00f3n del fabricante. \u00a0Elaboraci\u00f3n o actualizaci\u00f3n del plan de conformidad de la producci\u00f3n. \u00a0Desarrollo de planes de ensayo y control del COP. \u00a0Soporte presencial en las inspecciones. \u00a0Seguimiento y plan correctivo si procede, para la obtenci\u00f3n del certificado.","og_url":"https:\/\/homologacionesguerrero.com\/paginaweb\/produccion\/","og_site_name":"homologaciones guerrero","article_modified_time":"2025-10-30T14:48:45+00:00","og_image":[{"width":1024,"height":1024,"url":"https:\/\/homologacionesguerrero.com\/paginaweb\/wp-content\/uploads\/2025\/05\/person-holding-checklist-inspecting-factory-safety-compliance-1024x1024.jpg","type":"image\/jpeg"}],"twitter_card":"summary_large_image","twitter_misc":{"Tiempo de lectura":"1 minuto"},"schema":{"@context":"https:\/\/schema.org","@graph":[{"@type":"WebPage","@id":"https:\/\/homologacionesguerrero.com\/paginaweb\/produccion\/","url":"https:\/\/homologacionesguerrero.com\/paginaweb\/produccion\/","name":"Conformidad de la Producci\u00f3n - homologaciones guerrero","isPartOf":{"@id":"https:\/\/homologacionesguerrero.com\/paginaweb\/#website"},"primaryImageOfPage":{"@id":"https:\/\/homologacionesguerrero.com\/paginaweb\/produccion\/#primaryimage"},"image":{"@id":"https:\/\/homologacionesguerrero.com\/paginaweb\/produccion\/#primaryimage"},"thumbnailUrl":"http:\/\/homologacionesguerrero.com\/paginaweb\/wp-content\/uploads\/2025\/05\/person-holding-checklist-inspecting-factory-safety-compliance-1024x1024.jpg","datePublished":"2025-05-21T17:57:47+00:00","dateModified":"2025-10-30T14:48:45+00:00","breadcrumb":{"@id":"https:\/\/homologacionesguerrero.com\/paginaweb\/produccion\/#breadcrumb"},"inLanguage":"es","potentialAction":[{"@type":"ReadAction","target":["https:\/\/homologacionesguerrero.com\/paginaweb\/produccion\/"]}]},{"@type":"ImageObject","inLanguage":"es","@id":"https:\/\/homologacionesguerrero.com\/paginaweb\/produccion\/#primaryimage","url":"https:\/\/homologacionesguerrero.com\/paginaweb\/wp-content\/uploads\/2025\/05\/person-holding-checklist-inspecting-factory-safety-compliance.jpg","contentUrl":"https:\/\/homologacionesguerrero.com\/paginaweb\/wp-content\/uploads\/2025\/05\/person-holding-checklist-inspecting-factory-safety-compliance.jpg","width":2560,"height":2560},{"@type":"BreadcrumbList","@id":"https:\/\/homologacionesguerrero.com\/paginaweb\/produccion\/#breadcrumb","itemListElement":[{"@type":"ListItem","position":1,"name":"Portada","item":"https:\/\/homologacionesguerrero.com\/paginaweb\/"},{"@type":"ListItem","position":2,"name":"Conformidad de la Producci\u00f3n"}]},{"@type":"WebSite","@id":"https:\/\/homologacionesguerrero.com\/paginaweb\/#website","url":"https:\/\/homologacionesguerrero.com\/paginaweb\/","name":"homologaciones guerrero","description":"Homologaciones Guerrero naci\u00f3 en 1981 como una empresa pionera en Espa\u00f1a dentro del sector de la homologaci\u00f3n de veh\u00edculos y componentes.","publisher":{"@id":"https:\/\/homologacionesguerrero.com\/paginaweb\/#organization"},"potentialAction":[{"@type":"SearchAction","target":{"@type":"EntryPoint","urlTemplate":"https:\/\/homologacionesguerrero.com\/paginaweb\/?s={search_term_string}"},"query-input":{"@type":"PropertyValueSpecification","valueRequired":true,"valueName":"search_term_string"}}],"inLanguage":"es"},{"@type":"Organization","@id":"https:\/\/homologacionesguerrero.com\/paginaweb\/#organization","name":"homologaciones guerrero","url":"https:\/\/homologacionesguerrero.com\/paginaweb\/","logo":{"@type":"ImageObject","inLanguage":"es","@id":"https:\/\/homologacionesguerrero.com\/paginaweb\/#\/schema\/logo\/image\/","url":"https:\/\/homologacionesguerrero.com\/paginaweb\/wp-content\/uploads\/2025\/05\/homologaciones-logo_s.png","contentUrl":"https:\/\/homologacionesguerrero.com\/paginaweb\/wp-content\/uploads\/2025\/05\/homologaciones-logo_s.png","width":75,"height":59,"caption":"homologaciones guerrero"},"image":{"@id":"https:\/\/homologacionesguerrero.com\/paginaweb\/#\/schema\/logo\/image\/"}}]}},"_links":{"self":[{"href":"https:\/\/homologacionesguerrero.com\/paginaweb\/wp-json\/wp\/v2\/pages\/1378","targetHints":{"allow":["GET"]}}],"collection":[{"href":"https:\/\/homologacionesguerrero.com\/paginaweb\/wp-json\/wp\/v2\/pages"}],"about":[{"href":"https:\/\/homologacionesguerrero.com\/paginaweb\/wp-json\/wp\/v2\/types\/page"}],"author":[{"embeddable":true,"href":"https:\/\/homologacionesguerrero.com\/paginaweb\/wp-json\/wp\/v2\/users\/1"}],"replies":[{"embeddable":true,"href":"https:\/\/homologacionesguerrero.com\/paginaweb\/wp-json\/wp\/v2\/comments?post=1378"}],"version-history":[{"count":26,"href":"https:\/\/homologacionesguerrero.com\/paginaweb\/wp-json\/wp\/v2\/pages\/1378\/revisions"}],"predecessor-version":[{"id":2364,"href":"https:\/\/homologacionesguerrero.com\/paginaweb\/wp-json\/wp\/v2\/pages\/1378\/revisions\/2364"}],"wp:attachment":[{"href":"https:\/\/homologacionesguerrero.com\/paginaweb\/wp-json\/wp\/v2\/media?parent=1378"}],"curies":[{"name":"wp","href":"https:\/\/api.w.org\/{rel}","templated":true}]}}