{"id":1387,"date":"2025-05-21T18:01:27","date_gmt":"2025-05-21T18:01:27","guid":{"rendered":"https:\/\/homologacionesguerrero.com\/paginaweb\/?page_id=1387"},"modified":"2025-10-30T19:01:26","modified_gmt":"2025-10-30T19:01:26","slug":"homologaciones","status":"publish","type":"page","link":"https:\/\/homologacionesguerrero.com\/paginaweb\/homologaciones\/","title":{"rendered":"Homologaciones individuales"},"content":{"rendered":"\t\t<div data-elementor-type=\"wp-page\" data-elementor-id=\"1387\" class=\"elementor elementor-1387\" data-elementor-settings=\"{&quot;ha_cmc_init_switcher&quot;:&quot;no&quot;}\" data-elementor-post-type=\"page\">\n\t\t\t\t<div class=\"elementor-element elementor-element-e297d43 e-con-full e-flex e-con e-parent\" data-id=\"e297d43\" data-element_type=\"container\" data-settings=\"{&quot;background_background&quot;:&quot;classic&quot;,&quot;_ha_eqh_enable&quot;:false}\">\n\t\t\t\t<div class=\"elementor-element elementor-element-1c8470f elementor-widget elementor-widget-heading\" data-id=\"1c8470f\" data-element_type=\"widget\" data-widget_type=\"heading.default\">\n\t\t\t\t<div class=\"elementor-widget-container\">\n\t\t\t\t\t<h2 class=\"elementor-heading-title elementor-size-default\">FICHAS REDUCIDAS INDIVIDUALIZADAS <\/h2>\t\t\t\t<\/div>\n\t\t\t\t<\/div>\n\t\t\t\t<\/div>\n\t\t<div class=\"elementor-element elementor-element-6a30e73 e-flex e-con-boxed e-con e-parent\" data-id=\"6a30e73\" data-element_type=\"container\" data-settings=\"{&quot;background_background&quot;:&quot;classic&quot;,&quot;_ha_eqh_enable&quot;:false}\">\n\t\t\t\t\t<div class=\"e-con-inner\">\n\t\t<div class=\"elementor-element elementor-element-6c26a64 e-con-full e-flex e-con e-child\" data-id=\"6c26a64\" data-element_type=\"container\" data-settings=\"{&quot;animation&quot;:&quot;none&quot;,&quot;_ha_eqh_enable&quot;:false}\">\n\t\t\t\t<div class=\"elementor-element elementor-element-1bcf8c4 elementor-widget elementor-widget-text-editor\" data-id=\"1bcf8c4\" data-element_type=\"widget\" data-widget_type=\"text-editor.default\">\n\t\t\t\t<div class=\"elementor-widget-container\">\n\t\t\t\t\t\t\t\t\t<ul><li>Emitimos la Ficha T\u00e9cnica Reducida necesaria para la matriculaci\u00f3n de veh\u00edculos, homologaciones individuales, hist\u00f3ricos, etc.<\/li><li>Este documento recoge las caracter\u00edsticas del veh\u00edculo y cumple con el REAL DECRETO 750\/2010, que regula los procedimientos de homologaci\u00f3n.<\/li><li>Trabajamos directamente con la base de datos m\u00e1s amplia y actualizada del Ministerio de Industria.<\/li><li>Nuestras fichas est\u00e1n 100% garantizadas, se firman con Certificado Electr\u00f3nico de la Real Casa de Moneda y Timbre y acompa\u00f1adas de p\u00f3liza de Responsabilidad Civil, que avala nuestro trabajo.<\/li><\/ul>\t\t\t\t\t\t\t\t<\/div>\n\t\t\t\t<\/div>\n\t\t\t\t<div class=\"elementor-element elementor-element-7aa8a13 elementor-widget elementor-widget-ha-link-hover happy-addon ha-link-hover\" data-id=\"7aa8a13\" data-element_type=\"widget\" data-widget_type=\"ha-link-hover.default\">\n\t\t\t\t<div class=\"elementor-widget-container\">\n\t\t\t\t\t        <link-hover class=\"ha_content__item\">\n            <a href=\"https:\/\/homologacionesguerrero.com\/paginaweb\/contacto\/\" class=\"ha-link ha-link--thebe\"   rel=\"nofollow\">PIDENOS INFORMACION<\/a>\n        <\/link-hover>\t\t\t\t<\/div>\n\t\t\t\t<\/div>\n\t\t\t\t<\/div>\n\t\t<div class=\"elementor-element elementor-element-7579630 e-con-full animated-slow e-flex e-con e-child\" data-id=\"7579630\" data-element_type=\"container\" data-settings=\"{&quot;animation&quot;:&quot;none&quot;,&quot;_ha_eqh_enable&quot;:false}\">\n\t\t\t\t<div class=\"elementor-element elementor-element-728819d elementor-widget elementor-widget-image\" data-id=\"728819d\" data-element_type=\"widget\" data-widget_type=\"image.default\">\n\t\t\t\t<div class=\"elementor-widget-container\">\n\t\t\t\t\t\t\t\t\t\t\t\t\t\t\t<img fetchpriority=\"high\" decoding=\"async\" width=\"1024\" height=\"937\" src=\"https:\/\/homologacionesguerrero.com\/paginaweb\/wp-content\/uploads\/2025\/09\/Gemini_Generated_Image_habwkhabwkhabwkh-e1758974867195.png\" class=\"attachment-large size-large wp-image-2149\" alt=\"\" srcset=\"https:\/\/homologacionesguerrero.com\/paginaweb\/wp-content\/uploads\/2025\/09\/Gemini_Generated_Image_habwkhabwkhabwkh-e1758974867195.png 1024w, https:\/\/homologacionesguerrero.com\/paginaweb\/wp-content\/uploads\/2025\/09\/Gemini_Generated_Image_habwkhabwkhabwkh-e1758974867195-300x275.png 300w, https:\/\/homologacionesguerrero.com\/paginaweb\/wp-content\/uploads\/2025\/09\/Gemini_Generated_Image_habwkhabwkhabwkh-e1758974867195-768x703.png 768w\" sizes=\"(max-width: 1024px) 100vw, 1024px\" \/>\t\t\t\t\t\t\t\t\t\t\t\t\t\t\t<\/div>\n\t\t\t\t<\/div>\n\t\t\t\t<\/div>\n\t\t\t\t\t<\/div>\n\t\t\t\t<\/div>\n\t\t\t\t<\/div>\n\t\t","protected":false},"excerpt":{"rendered":"<p>FICHAS REDUCIDAS INDIVIDUALIZADAS Emitimos la Ficha T\u00e9cnica Reducida necesaria para la matriculaci\u00f3n de veh\u00edculos, homologaciones individuales, hist\u00f3ricos, etc. Este documento recoge las caracter\u00edsticas del veh\u00edculo y cumple con el REAL DECRETO 750\/2010, que regula los procedimientos de homologaci\u00f3n. Trabajamos directamente con la base de datos m\u00e1s amplia y actualizada del Ministerio de Industria. Nuestras fichas [&hellip;]<\/p>\n","protected":false},"author":1,"featured_media":0,"parent":0,"menu_order":0,"comment_status":"closed","ping_status":"closed","template":"","meta":{"site-sidebar-layout":"no-sidebar","site-content-layout":"page-builder","ast-site-content-layout":"full-width-container","site-content-style":"default","site-sidebar-style":"default","ast-global-header-display":"","ast-banner-title-visibility":"","ast-main-header-display":"","ast-hfb-above-header-display":"","ast-hfb-below-header-display":"","ast-hfb-mobile-header-display":"","site-post-title":"disabled","ast-breadcrumbs-content":"","ast-featured-img":"disabled","footer-sml-layout":"","theme-transparent-header-meta":"","adv-header-id-meta":"","stick-header-meta":"","header-above-stick-meta":"","header-main-stick-meta":"","header-below-stick-meta":"","astra-migrate-meta-layouts":"set","ast-page-background-enabled":"default","ast-page-background-meta":{"desktop":{"background-color":"","background-image":"","background-repeat":"repeat","background-position":"center center","background-size":"auto","background-attachment":"scroll","background-type":"","background-media":"","overlay-type":"","overlay-color":"","overlay-opacity":"","overlay-gradient":""},"tablet":{"background-color":"","background-image":"","background-repeat":"repeat","background-position":"center center","background-size":"auto","background-attachment":"scroll","background-type":"","background-media":"","overlay-type":"","overlay-color":"","overlay-opacity":"","overlay-gradient":""},"mobile":{"background-color":"","background-image":"","background-repeat":"repeat","background-position":"center center","background-size":"auto","background-attachment":"scroll","background-type":"","background-media":"","overlay-type":"","overlay-color":"","overlay-opacity":"","overlay-gradient":""}},"ast-content-background-meta":{"desktop":{"background-color":"var(--ast-global-color-5)","background-image":"","background-repeat":"repeat","background-position":"center center","background-size":"auto","background-attachment":"scroll","background-type":"","background-media":"","overlay-type":"","overlay-color":"","overlay-opacity":"","overlay-gradient":""},"tablet":{"background-color":"var(--ast-global-color-5)","background-image":"","background-repeat":"repeat","background-position":"center center","background-size":"auto","background-attachment":"scroll","background-type":"","background-media":"","overlay-type":"","overlay-color":"","overlay-opacity":"","overlay-gradient":""},"mobile":{"background-color":"var(--ast-global-color-5)","background-image":"","background-repeat":"repeat","background-position":"center center","background-size":"auto","background-attachment":"scroll","background-type":"","background-media":"","overlay-type":"","overlay-color":"","overlay-opacity":"","overlay-gradient":""}},"footnotes":""},"class_list":["post-1387","page","type-page","status-publish","hentry"],"yoast_head":"<!-- This site is optimized with the Yoast SEO plugin v26.0 - https:\/\/yoast.com\/wordpress\/plugins\/seo\/ -->\r\n<title>Homologaciones individuales - homologaciones guerrero<\/title>\r\n<meta name=\"robots\" content=\"index, follow, max-snippet:-1, max-image-preview:large, max-video-preview:-1\" \/>\r\n<link rel=\"canonical\" href=\"https:\/\/homologacionesguerrero.com\/paginaweb\/homologaciones\/\" \/>\r\n<meta property=\"og:locale\" content=\"es_ES\" \/>\r\n<meta property=\"og:type\" content=\"article\" \/>\r\n<meta property=\"og:title\" content=\"Homologaciones individuales - homologaciones guerrero\" \/>\r\n<meta property=\"og:description\" content=\"FICHAS REDUCIDAS INDIVIDUALIZADAS Emitimos la Ficha T\u00e9cnica Reducida necesaria para la matriculaci\u00f3n de veh\u00edculos, homologaciones individuales, hist\u00f3ricos, etc. Este documento recoge las caracter\u00edsticas del veh\u00edculo y cumple con el REAL DECRETO 750\/2010, que regula los procedimientos de homologaci\u00f3n. Trabajamos directamente con la base de datos m\u00e1s amplia y actualizada del Ministerio de Industria. Nuestras fichas [&hellip;]\" \/>\r\n<meta property=\"og:url\" content=\"https:\/\/homologacionesguerrero.com\/paginaweb\/homologaciones\/\" \/>\r\n<meta property=\"og:site_name\" content=\"homologaciones guerrero\" \/>\r\n<meta property=\"article:modified_time\" content=\"2025-10-30T19:01:26+00:00\" \/>\r\n<meta property=\"og:image\" content=\"http:\/\/homologacionesguerrero.com\/paginaweb\/wp-content\/uploads\/2025\/09\/Gemini_Generated_Image_habwkhabwkhabwkh-e1758974867195.png\" \/>\r\n<meta name=\"twitter:card\" content=\"summary_large_image\" \/>\r\n<meta name=\"twitter:label1\" content=\"Tiempo de lectura\" \/>\n\t<meta name=\"twitter:data1\" content=\"1 minuto\" \/>\r\n<script type=\"application\/ld+json\" class=\"yoast-schema-graph\">{\"@context\":\"https:\/\/schema.org\",\"@graph\":[{\"@type\":\"WebPage\",\"@id\":\"https:\/\/homologacionesguerrero.com\/paginaweb\/homologaciones\/\",\"url\":\"https:\/\/homologacionesguerrero.com\/paginaweb\/homologaciones\/\",\"name\":\"Homologaciones individuales - homologaciones guerrero\",\"isPartOf\":{\"@id\":\"https:\/\/homologacionesguerrero.com\/paginaweb\/#website\"},\"primaryImageOfPage\":{\"@id\":\"https:\/\/homologacionesguerrero.com\/paginaweb\/homologaciones\/#primaryimage\"},\"image\":{\"@id\":\"https:\/\/homologacionesguerrero.com\/paginaweb\/homologaciones\/#primaryimage\"},\"thumbnailUrl\":\"http:\/\/homologacionesguerrero.com\/paginaweb\/wp-content\/uploads\/2025\/09\/Gemini_Generated_Image_habwkhabwkhabwkh-e1758974867195.png\",\"datePublished\":\"2025-05-21T18:01:27+00:00\",\"dateModified\":\"2025-10-30T19:01:26+00:00\",\"breadcrumb\":{\"@id\":\"https:\/\/homologacionesguerrero.com\/paginaweb\/homologaciones\/#breadcrumb\"},\"inLanguage\":\"es\",\"potentialAction\":[{\"@type\":\"ReadAction\",\"target\":[\"https:\/\/homologacionesguerrero.com\/paginaweb\/homologaciones\/\"]}]},{\"@type\":\"ImageObject\",\"inLanguage\":\"es\",\"@id\":\"https:\/\/homologacionesguerrero.com\/paginaweb\/homologaciones\/#primaryimage\",\"url\":\"https:\/\/homologacionesguerrero.com\/paginaweb\/wp-content\/uploads\/2025\/09\/Gemini_Generated_Image_habwkhabwkhabwkh-e1758974867195.png\",\"contentUrl\":\"https:\/\/homologacionesguerrero.com\/paginaweb\/wp-content\/uploads\/2025\/09\/Gemini_Generated_Image_habwkhabwkhabwkh-e1758974867195.png\",\"width\":1024,\"height\":937},{\"@type\":\"BreadcrumbList\",\"@id\":\"https:\/\/homologacionesguerrero.com\/paginaweb\/homologaciones\/#breadcrumb\",\"itemListElement\":[{\"@type\":\"ListItem\",\"position\":1,\"name\":\"Portada\",\"item\":\"https:\/\/homologacionesguerrero.com\/paginaweb\/\"},{\"@type\":\"ListItem\",\"position\":2,\"name\":\"Homologaciones individuales\"}]},{\"@type\":\"WebSite\",\"@id\":\"https:\/\/homologacionesguerrero.com\/paginaweb\/#website\",\"url\":\"https:\/\/homologacionesguerrero.com\/paginaweb\/\",\"name\":\"homologaciones guerrero\",\"description\":\"Homologaciones Guerrero naci\u00f3 en 1981 como una empresa pionera en Espa\u00f1a dentro del sector de la homologaci\u00f3n de veh\u00edculos y componentes.\",\"publisher\":{\"@id\":\"https:\/\/homologacionesguerrero.com\/paginaweb\/#organization\"},\"potentialAction\":[{\"@type\":\"SearchAction\",\"target\":{\"@type\":\"EntryPoint\",\"urlTemplate\":\"https:\/\/homologacionesguerrero.com\/paginaweb\/?s={search_term_string}\"},\"query-input\":{\"@type\":\"PropertyValueSpecification\",\"valueRequired\":true,\"valueName\":\"search_term_string\"}}],\"inLanguage\":\"es\"},{\"@type\":\"Organization\",\"@id\":\"https:\/\/homologacionesguerrero.com\/paginaweb\/#organization\",\"name\":\"homologaciones guerrero\",\"url\":\"https:\/\/homologacionesguerrero.com\/paginaweb\/\",\"logo\":{\"@type\":\"ImageObject\",\"inLanguage\":\"es\",\"@id\":\"https:\/\/homologacionesguerrero.com\/paginaweb\/#\/schema\/logo\/image\/\",\"url\":\"https:\/\/homologacionesguerrero.com\/paginaweb\/wp-content\/uploads\/2025\/05\/homologaciones-logo_s.png\",\"contentUrl\":\"https:\/\/homologacionesguerrero.com\/paginaweb\/wp-content\/uploads\/2025\/05\/homologaciones-logo_s.png\",\"width\":75,\"height\":59,\"caption\":\"homologaciones guerrero\"},\"image\":{\"@id\":\"https:\/\/homologacionesguerrero.com\/paginaweb\/#\/schema\/logo\/image\/\"}}]}<\/script>\r\n<!-- \/ Yoast SEO plugin. -->","yoast_head_json":{"title":"Homologaciones individuales - homologaciones guerrero","robots":{"index":"index","follow":"follow","max-snippet":"max-snippet:-1","max-image-preview":"max-image-preview:large","max-video-preview":"max-video-preview:-1"},"canonical":"https:\/\/homologacionesguerrero.com\/paginaweb\/homologaciones\/","og_locale":"es_ES","og_type":"article","og_title":"Homologaciones individuales - homologaciones guerrero","og_description":"FICHAS REDUCIDAS INDIVIDUALIZADAS Emitimos la Ficha T\u00e9cnica Reducida necesaria para la matriculaci\u00f3n de veh\u00edculos, homologaciones individuales, hist\u00f3ricos, etc. Este documento recoge las caracter\u00edsticas del veh\u00edculo y cumple con el REAL DECRETO 750\/2010, que regula los procedimientos de homologaci\u00f3n. Trabajamos directamente con la base de datos m\u00e1s amplia y actualizada del Ministerio de Industria. Nuestras fichas [&hellip;]","og_url":"https:\/\/homologacionesguerrero.com\/paginaweb\/homologaciones\/","og_site_name":"homologaciones guerrero","article_modified_time":"2025-10-30T19:01:26+00:00","og_image":[{"url":"http:\/\/homologacionesguerrero.com\/paginaweb\/wp-content\/uploads\/2025\/09\/Gemini_Generated_Image_habwkhabwkhabwkh-e1758974867195.png","type":"","width":"","height":""}],"twitter_card":"summary_large_image","twitter_misc":{"Tiempo de lectura":"1 minuto"},"schema":{"@context":"https:\/\/schema.org","@graph":[{"@type":"WebPage","@id":"https:\/\/homologacionesguerrero.com\/paginaweb\/homologaciones\/","url":"https:\/\/homologacionesguerrero.com\/paginaweb\/homologaciones\/","name":"Homologaciones individuales - homologaciones guerrero","isPartOf":{"@id":"https:\/\/homologacionesguerrero.com\/paginaweb\/#website"},"primaryImageOfPage":{"@id":"https:\/\/homologacionesguerrero.com\/paginaweb\/homologaciones\/#primaryimage"},"image":{"@id":"https:\/\/homologacionesguerrero.com\/paginaweb\/homologaciones\/#primaryimage"},"thumbnailUrl":"http:\/\/homologacionesguerrero.com\/paginaweb\/wp-content\/uploads\/2025\/09\/Gemini_Generated_Image_habwkhabwkhabwkh-e1758974867195.png","datePublished":"2025-05-21T18:01:27+00:00","dateModified":"2025-10-30T19:01:26+00:00","breadcrumb":{"@id":"https:\/\/homologacionesguerrero.com\/paginaweb\/homologaciones\/#breadcrumb"},"inLanguage":"es","potentialAction":[{"@type":"ReadAction","target":["https:\/\/homologacionesguerrero.com\/paginaweb\/homologaciones\/"]}]},{"@type":"ImageObject","inLanguage":"es","@id":"https:\/\/homologacionesguerrero.com\/paginaweb\/homologaciones\/#primaryimage","url":"https:\/\/homologacionesguerrero.com\/paginaweb\/wp-content\/uploads\/2025\/09\/Gemini_Generated_Image_habwkhabwkhabwkh-e1758974867195.png","contentUrl":"https:\/\/homologacionesguerrero.com\/paginaweb\/wp-content\/uploads\/2025\/09\/Gemini_Generated_Image_habwkhabwkhabwkh-e1758974867195.png","width":1024,"height":937},{"@type":"BreadcrumbList","@id":"https:\/\/homologacionesguerrero.com\/paginaweb\/homologaciones\/#breadcrumb","itemListElement":[{"@type":"ListItem","position":1,"name":"Portada","item":"https:\/\/homologacionesguerrero.com\/paginaweb\/"},{"@type":"ListItem","position":2,"name":"Homologaciones individuales"}]},{"@type":"WebSite","@id":"https:\/\/homologacionesguerrero.com\/paginaweb\/#website","url":"https:\/\/homologacionesguerrero.com\/paginaweb\/","name":"homologaciones guerrero","description":"Homologaciones Guerrero naci\u00f3 en 1981 como una empresa pionera en Espa\u00f1a dentro del sector de la homologaci\u00f3n de veh\u00edculos y componentes.","publisher":{"@id":"https:\/\/homologacionesguerrero.com\/paginaweb\/#organization"},"potentialAction":[{"@type":"SearchAction","target":{"@type":"EntryPoint","urlTemplate":"https:\/\/homologacionesguerrero.com\/paginaweb\/?s={search_term_string}"},"query-input":{"@type":"PropertyValueSpecification","valueRequired":true,"valueName":"search_term_string"}}],"inLanguage":"es"},{"@type":"Organization","@id":"https:\/\/homologacionesguerrero.com\/paginaweb\/#organization","name":"homologaciones guerrero","url":"https:\/\/homologacionesguerrero.com\/paginaweb\/","logo":{"@type":"ImageObject","inLanguage":"es","@id":"https:\/\/homologacionesguerrero.com\/paginaweb\/#\/schema\/logo\/image\/","url":"https:\/\/homologacionesguerrero.com\/paginaweb\/wp-content\/uploads\/2025\/05\/homologaciones-logo_s.png","contentUrl":"https:\/\/homologacionesguerrero.com\/paginaweb\/wp-content\/uploads\/2025\/05\/homologaciones-logo_s.png","width":75,"height":59,"caption":"homologaciones guerrero"},"image":{"@id":"https:\/\/homologacionesguerrero.com\/paginaweb\/#\/schema\/logo\/image\/"}}]}},"_links":{"self":[{"href":"https:\/\/homologacionesguerrero.com\/paginaweb\/wp-json\/wp\/v2\/pages\/1387","targetHints":{"allow":["GET"]}}],"collection":[{"href":"https:\/\/homologacionesguerrero.com\/paginaweb\/wp-json\/wp\/v2\/pages"}],"about":[{"href":"https:\/\/homologacionesguerrero.com\/paginaweb\/wp-json\/wp\/v2\/types\/page"}],"author":[{"embeddable":true,"href":"https:\/\/homologacionesguerrero.com\/paginaweb\/wp-json\/wp\/v2\/users\/1"}],"replies":[{"embeddable":true,"href":"https:\/\/homologacionesguerrero.com\/paginaweb\/wp-json\/wp\/v2\/comments?post=1387"}],"version-history":[{"count":28,"href":"https:\/\/homologacionesguerrero.com\/paginaweb\/wp-json\/wp\/v2\/pages\/1387\/revisions"}],"predecessor-version":[{"id":2569,"href":"https:\/\/homologacionesguerrero.com\/paginaweb\/wp-json\/wp\/v2\/pages\/1387\/revisions\/2569"}],"wp:attachment":[{"href":"https:\/\/homologacionesguerrero.com\/paginaweb\/wp-json\/wp\/v2\/media?parent=1387"}],"curies":[{"name":"wp","href":"https:\/\/api.w.org\/{rel}","templated":true}]}}