{"id":2,"date":"2025-05-19T16:48:36","date_gmt":"2025-05-19T16:48:36","guid":{"rendered":"http:\/\/homologacionesguerrero.com\/paginaweb\/?page_id=2"},"modified":"2025-07-18T09:38:33","modified_gmt":"2025-07-18T09:38:33","slug":"sample-page","status":"publish","type":"page","link":"https:\/\/homologacionesguerrero.com\/paginaweb\/sample-page\/","title":{"rendered":"Aviso legal"},"content":{"rendered":"\t\t<div data-elementor-type=\"wp-page\" data-elementor-id=\"2\" class=\"elementor elementor-2\" data-elementor-settings=\"{&quot;ha_cmc_init_switcher&quot;:&quot;no&quot;}\" data-elementor-post-type=\"page\">\n\t\t\t\t<div class=\"elementor-element elementor-element-b313293 e-flex e-con-boxed e-con e-parent\" data-id=\"b313293\" data-element_type=\"container\" data-settings=\"{&quot;_ha_eqh_enable&quot;:false}\">\n\t\t\t\t\t<div class=\"e-con-inner\">\n\t\t\t\t<div class=\"elementor-element elementor-element-ef7e331 elementor-widget elementor-widget-heading\" data-id=\"ef7e331\" data-element_type=\"widget\" data-widget_type=\"heading.default\">\n\t\t\t\t<div class=\"elementor-widget-container\">\n\t\t\t\t\t<h1 class=\"elementor-heading-title elementor-size-default\">Aviso legal <\/h1>\t\t\t\t<\/div>\n\t\t\t\t<\/div>\n\t\t\t\t<div class=\"elementor-element elementor-element-8c790b6 elementor-widget elementor-widget-text-editor\" data-id=\"8c790b6\" data-element_type=\"widget\" data-widget_type=\"text-editor.default\">\n\t\t\t\t<div class=\"elementor-widget-container\">\n\t\t\t\t\t\t\t\t\t<p>En presente documento tiene por objeto describir las condiciones generales de uso del Sitio Web <strong>www.<\/strong><b>homologacionesguerrero.com<\/b>(en adelante, indistintamente, la \u201cWeb\u201d), titularidad de la sociedad <strong>HOMOLOGACIONES GUERRERO SL <\/strong>(en adelante \u201c<strong>HOMOLOGACIONES GUERRERO<\/strong>\u201d), sociedad con domicilio social en <strong>Avenida de la Industria, 48, 28760 Tres Cantos. Madrid. Espa\u00f1a<\/strong><\/p><p>El acceso a la Web, as\u00ed como el uso de la misma, supone la condici\u00f3n de usuario de \u00e9sta y, por tanto, la total aceptaci\u00f3n de los t\u00e9rminos y condiciones del presente Aviso Legal, que deber\u00e1n ser le\u00eddas, ante posibles modificaciones de las mismas, en cada acceso a la Web.<\/p><p>1).-<strong>HOMOLOGACIONES GUERRERO<\/strong>, por s\u00ed o como cesionaria, es la titular de los derechos de propiedad intelectual e industrial contenidas en todos sus espacios en la red p\u00fablica denominada Internet, as\u00ed como de todos los elementos contenidos en el mismo (a titulo enunciativo: im\u00e1genes, sonido, audio, v\u00eddeo, software, marcas o logotipos, programas de ordenador necesarios para su funcionamiento, etc.), titularidad de sus licenciantes.<\/p><p>El visitante se compromete a respetar dichos derechos.<\/p><p>2).- La utilizaci\u00f3n o la publicaci\u00f3n, parcial o total, con fines comerciales, de documentos, fotograf\u00edas, pel\u00edculas, logotipos y elementos gr\u00e1ficos est\u00e1 estrictamente prohibida sin autorizaci\u00f3n previa. \u00c9sta deber\u00e1 pedirse a <strong>HOMOLOGACIONES GUERRERO<\/strong> (<strong>info@homologacionesguerrero.com<\/strong>). Est\u00e1 prohibido modificar el material cuyos derechos se reserva\u00a0 <strong>HOMOLOGACIONES GUERRERO<\/strong><strong>.<\/strong> Cabe se\u00f1alar que se solicitar\u00e1 una muestra o un ejemplar de prueba antes de dar la aprobaci\u00f3n final.<\/p><p>3).- Utilizaci\u00f3n personal y no comercial: se puede copiar los documentos, a condici\u00f3n de que se incluya tambi\u00e9n la menci\u00f3n de reserva de los derechos de autor y las indicaciones de las fuentes, de que no se efect\u00fae modificaci\u00f3n alguna y de que sean reproducidos \u00edntegramente.<\/p><p>En cualquier caso, las fotograf\u00edas, pel\u00edculas, logotipos y elementos gr\u00e1ficos no pueden utilizarse ni copiarse sin previa autorizaci\u00f3n de la sociedad <strong>HOMOLOGACIONES GUERRERO<\/strong><strong>.<\/strong><\/p><p>4).- Los encargados de sitios web que creen enlaces con este sitio deben informar a <strong>HOMOLOGACIONES GUERRERO<\/strong>\u00a0por correo electr\u00f3nico a la siguiente direcci\u00f3n: <strong>info@homologacionesguerrero.com<\/strong><\/p><p>La inclusi\u00f3n de dichas conexiones no implicar\u00e1 ning\u00fan tipo de asociaci\u00f3n o participaci\u00f3n con las entidades conectadas. <strong>HOMOLOGACIONES GUERRERO<\/strong>\u00a0se reserva el derecho a denegar dicho acceso en cualquier momento y no asume responsabilidad alguna en cuanto al contenido o uso que hagan de los datos de car\u00e1cter personal.<\/p><p>5).- <strong>HOMOLOGACIONES GUERRERO<\/strong>\u00a0no se responsabiliza de ning\u00fan da\u00f1o o perjuicio sufrido por el usuario que pudiera derivarse del acceso a este sitio Web o del uso de los contenidos del mismo.<\/p><p>6). Exactitud de la informaci\u00f3n: <strong>HOMOLOGACIONES GUERRERO<\/strong>\u00a0pone el m\u00e1ximo empe\u00f1o en la exactitud y actualizaci\u00f3n de la informaci\u00f3n publicada en su sitio Web. Sin embargo, no se responsabiliza de las consecuencias de una incorrecta lectura o interpretaci\u00f3n de la misma.<\/p><p>7).- Ser\u00e1 de aplicaci\u00f3n la normativa espa\u00f1ola vigente y cualquier controversia se someter\u00e1 a los Juzgados y Tribunales de la ciudad de Madrid.<\/p><p>8).- Pol\u00edtica De Cookies.<\/p><p>\u00a0<\/p><p><strong>HOMOLOGACIONES GUERRERO<\/strong> utiliza <strong>cookies<\/strong> para proporcionar un uso personalizado al usuario de la Web, para conocer nuestra pol\u00edtica de cookies pinche <strong><em>AQU\u00cd<\/em><\/strong><\/p>\t\t\t\t\t\t\t\t<\/div>\n\t\t\t\t<\/div>\n\t\t\t\t\t<\/div>\n\t\t\t\t<\/div>\n\t\t\t\t<\/div>\n\t\t","protected":false},"excerpt":{"rendered":"<p>Aviso legal En presente documento tiene por objeto describir las condiciones generales de uso del Sitio Web www.homologacionesguerrero.com(en adelante, indistintamente, la \u201cWeb\u201d), titularidad de la sociedad HOMOLOGACIONES GUERRERO SL (en adelante \u201cHOMOLOGACIONES GUERRERO\u201d), sociedad con domicilio social en Avenida de la Industria, 48, 28760 Tres Cantos. Madrid. Espa\u00f1a El acceso a la Web, as\u00ed como [&hellip;]<\/p>\n","protected":false},"author":1,"featured_media":0,"parent":0,"menu_order":0,"comment_status":"closed","ping_status":"open","template":"","meta":{"site-sidebar-layout":"no-sidebar","site-content-layout":"page-builder","ast-site-content-layout":"full-width-container","site-content-style":"default","site-sidebar-style":"default","ast-global-header-display":"","ast-banner-title-visibility":"","ast-main-header-display":"","ast-hfb-above-header-display":"","ast-hfb-below-header-display":"","ast-hfb-mobile-header-display":"","site-post-title":"disabled","ast-breadcrumbs-content":"","ast-featured-img":"disabled","footer-sml-layout":"","theme-transparent-header-meta":"","adv-header-id-meta":"","stick-header-meta":"","header-above-stick-meta":"","header-main-stick-meta":"","header-below-stick-meta":"","astra-migrate-meta-layouts":"set","ast-page-background-enabled":"default","ast-page-background-meta":{"desktop":{"background-color":"","background-image":"","background-repeat":"repeat","background-position":"center center","background-size":"auto","background-attachment":"scroll","background-type":"","background-media":"","overlay-type":"","overlay-color":"","overlay-opacity":"","overlay-gradient":""},"tablet":{"background-color":"","background-image":"","background-repeat":"repeat","background-position":"center center","background-size":"auto","background-attachment":"scroll","background-type":"","background-media":"","overlay-type":"","overlay-color":"","overlay-opacity":"","overlay-gradient":""},"mobile":{"background-color":"","background-image":"","background-repeat":"repeat","background-position":"center center","background-size":"auto","background-attachment":"scroll","background-type":"","background-media":"","overlay-type":"","overlay-color":"","overlay-opacity":"","overlay-gradient":""}},"ast-content-background-meta":{"desktop":{"background-color":"var(--ast-global-color-5)","background-image":"","background-repeat":"repeat","background-position":"center center","background-size":"auto","background-attachment":"scroll","background-type":"","background-media":"","overlay-type":"","overlay-color":"","overlay-opacity":"","overlay-gradient":""},"tablet":{"background-color":"var(--ast-global-color-5)","background-image":"","background-repeat":"repeat","background-position":"center center","background-size":"auto","background-attachment":"scroll","background-type":"","background-media":"","overlay-type":"","overlay-color":"","overlay-opacity":"","overlay-gradient":""},"mobile":{"background-color":"var(--ast-global-color-5)","background-image":"","background-repeat":"repeat","background-position":"center center","background-size":"auto","background-attachment":"scroll","background-type":"","background-media":"","overlay-type":"","overlay-color":"","overlay-opacity":"","overlay-gradient":""}},"footnotes":""},"class_list":["post-2","page","type-page","status-publish","hentry"],"yoast_head":"<!-- This site is optimized with the Yoast SEO plugin v26.0 - https:\/\/yoast.com\/wordpress\/plugins\/seo\/ -->\r\n<title>Aviso legal - homologaciones guerrero<\/title>\r\n<meta name=\"robots\" content=\"index, follow, max-snippet:-1, max-image-preview:large, max-video-preview:-1\" \/>\r\n<link rel=\"canonical\" href=\"https:\/\/homologacionesguerrero.com\/paginaweb\/sample-page\/\" \/>\r\n<meta property=\"og:locale\" content=\"es_ES\" \/>\r\n<meta property=\"og:type\" content=\"article\" \/>\r\n<meta property=\"og:title\" content=\"Aviso legal - homologaciones guerrero\" \/>\r\n<meta property=\"og:description\" content=\"Aviso legal En presente documento tiene por objeto describir las condiciones generales de uso del Sitio Web www.homologacionesguerrero.com(en adelante, indistintamente, la \u201cWeb\u201d), titularidad de la sociedad HOMOLOGACIONES GUERRERO SL (en adelante \u201cHOMOLOGACIONES GUERRERO\u201d), sociedad con domicilio social en Avenida de la Industria, 48, 28760 Tres Cantos. Madrid. Espa\u00f1a El acceso a la Web, as\u00ed como [&hellip;]\" \/>\r\n<meta property=\"og:url\" content=\"https:\/\/homologacionesguerrero.com\/paginaweb\/sample-page\/\" \/>\r\n<meta property=\"og:site_name\" content=\"homologaciones guerrero\" \/>\r\n<meta property=\"article:modified_time\" content=\"2025-07-18T09:38:33+00:00\" \/>\r\n<meta name=\"twitter:card\" content=\"summary_large_image\" \/>\r\n<meta name=\"twitter:label1\" content=\"Tiempo de lectura\" \/>\n\t<meta name=\"twitter:data1\" content=\"3 minutos\" \/>\r\n<script type=\"application\/ld+json\" class=\"yoast-schema-graph\">{\"@context\":\"https:\/\/schema.org\",\"@graph\":[{\"@type\":\"WebPage\",\"@id\":\"https:\/\/homologacionesguerrero.com\/paginaweb\/sample-page\/\",\"url\":\"https:\/\/homologacionesguerrero.com\/paginaweb\/sample-page\/\",\"name\":\"Aviso legal - homologaciones guerrero\",\"isPartOf\":{\"@id\":\"https:\/\/homologacionesguerrero.com\/paginaweb\/#website\"},\"datePublished\":\"2025-05-19T16:48:36+00:00\",\"dateModified\":\"2025-07-18T09:38:33+00:00\",\"breadcrumb\":{\"@id\":\"https:\/\/homologacionesguerrero.com\/paginaweb\/sample-page\/#breadcrumb\"},\"inLanguage\":\"es\",\"potentialAction\":[{\"@type\":\"ReadAction\",\"target\":[\"https:\/\/homologacionesguerrero.com\/paginaweb\/sample-page\/\"]}]},{\"@type\":\"BreadcrumbList\",\"@id\":\"https:\/\/homologacionesguerrero.com\/paginaweb\/sample-page\/#breadcrumb\",\"itemListElement\":[{\"@type\":\"ListItem\",\"position\":1,\"name\":\"Portada\",\"item\":\"https:\/\/homologacionesguerrero.com\/paginaweb\/\"},{\"@type\":\"ListItem\",\"position\":2,\"name\":\"Aviso legal\"}]},{\"@type\":\"WebSite\",\"@id\":\"https:\/\/homologacionesguerrero.com\/paginaweb\/#website\",\"url\":\"https:\/\/homologacionesguerrero.com\/paginaweb\/\",\"name\":\"homologaciones guerrero\",\"description\":\"Homologaciones Guerrero naci\u00f3 en 1981 como una empresa pionera en Espa\u00f1a dentro del sector de la homologaci\u00f3n de veh\u00edculos y componentes.\",\"publisher\":{\"@id\":\"https:\/\/homologacionesguerrero.com\/paginaweb\/#organization\"},\"potentialAction\":[{\"@type\":\"SearchAction\",\"target\":{\"@type\":\"EntryPoint\",\"urlTemplate\":\"https:\/\/homologacionesguerrero.com\/paginaweb\/?s={search_term_string}\"},\"query-input\":{\"@type\":\"PropertyValueSpecification\",\"valueRequired\":true,\"valueName\":\"search_term_string\"}}],\"inLanguage\":\"es\"},{\"@type\":\"Organization\",\"@id\":\"https:\/\/homologacionesguerrero.com\/paginaweb\/#organization\",\"name\":\"homologaciones guerrero\",\"url\":\"https:\/\/homologacionesguerrero.com\/paginaweb\/\",\"logo\":{\"@type\":\"ImageObject\",\"inLanguage\":\"es\",\"@id\":\"https:\/\/homologacionesguerrero.com\/paginaweb\/#\/schema\/logo\/image\/\",\"url\":\"https:\/\/homologacionesguerrero.com\/paginaweb\/wp-content\/uploads\/2025\/05\/homologaciones-logo_s.png\",\"contentUrl\":\"https:\/\/homologacionesguerrero.com\/paginaweb\/wp-content\/uploads\/2025\/05\/homologaciones-logo_s.png\",\"width\":75,\"height\":59,\"caption\":\"homologaciones guerrero\"},\"image\":{\"@id\":\"https:\/\/homologacionesguerrero.com\/paginaweb\/#\/schema\/logo\/image\/\"}}]}<\/script>\r\n<!-- \/ Yoast SEO plugin. -->","yoast_head_json":{"title":"Aviso legal - homologaciones guerrero","robots":{"index":"index","follow":"follow","max-snippet":"max-snippet:-1","max-image-preview":"max-image-preview:large","max-video-preview":"max-video-preview:-1"},"canonical":"https:\/\/homologacionesguerrero.com\/paginaweb\/sample-page\/","og_locale":"es_ES","og_type":"article","og_title":"Aviso legal - homologaciones guerrero","og_description":"Aviso legal En presente documento tiene por objeto describir las condiciones generales de uso del Sitio Web www.homologacionesguerrero.com(en adelante, indistintamente, la \u201cWeb\u201d), titularidad de la sociedad HOMOLOGACIONES GUERRERO SL (en adelante \u201cHOMOLOGACIONES GUERRERO\u201d), sociedad con domicilio social en Avenida de la Industria, 48, 28760 Tres Cantos. Madrid. Espa\u00f1a El acceso a la Web, as\u00ed como [&hellip;]","og_url":"https:\/\/homologacionesguerrero.com\/paginaweb\/sample-page\/","og_site_name":"homologaciones guerrero","article_modified_time":"2025-07-18T09:38:33+00:00","twitter_card":"summary_large_image","twitter_misc":{"Tiempo de lectura":"3 minutos"},"schema":{"@context":"https:\/\/schema.org","@graph":[{"@type":"WebPage","@id":"https:\/\/homologacionesguerrero.com\/paginaweb\/sample-page\/","url":"https:\/\/homologacionesguerrero.com\/paginaweb\/sample-page\/","name":"Aviso legal - homologaciones guerrero","isPartOf":{"@id":"https:\/\/homologacionesguerrero.com\/paginaweb\/#website"},"datePublished":"2025-05-19T16:48:36+00:00","dateModified":"2025-07-18T09:38:33+00:00","breadcrumb":{"@id":"https:\/\/homologacionesguerrero.com\/paginaweb\/sample-page\/#breadcrumb"},"inLanguage":"es","potentialAction":[{"@type":"ReadAction","target":["https:\/\/homologacionesguerrero.com\/paginaweb\/sample-page\/"]}]},{"@type":"BreadcrumbList","@id":"https:\/\/homologacionesguerrero.com\/paginaweb\/sample-page\/#breadcrumb","itemListElement":[{"@type":"ListItem","position":1,"name":"Portada","item":"https:\/\/homologacionesguerrero.com\/paginaweb\/"},{"@type":"ListItem","position":2,"name":"Aviso legal"}]},{"@type":"WebSite","@id":"https:\/\/homologacionesguerrero.com\/paginaweb\/#website","url":"https:\/\/homologacionesguerrero.com\/paginaweb\/","name":"homologaciones guerrero","description":"Homologaciones Guerrero naci\u00f3 en 1981 como una empresa pionera en Espa\u00f1a dentro del sector de la homologaci\u00f3n de veh\u00edculos y componentes.","publisher":{"@id":"https:\/\/homologacionesguerrero.com\/paginaweb\/#organization"},"potentialAction":[{"@type":"SearchAction","target":{"@type":"EntryPoint","urlTemplate":"https:\/\/homologacionesguerrero.com\/paginaweb\/?s={search_term_string}"},"query-input":{"@type":"PropertyValueSpecification","valueRequired":true,"valueName":"search_term_string"}}],"inLanguage":"es"},{"@type":"Organization","@id":"https:\/\/homologacionesguerrero.com\/paginaweb\/#organization","name":"homologaciones guerrero","url":"https:\/\/homologacionesguerrero.com\/paginaweb\/","logo":{"@type":"ImageObject","inLanguage":"es","@id":"https:\/\/homologacionesguerrero.com\/paginaweb\/#\/schema\/logo\/image\/","url":"https:\/\/homologacionesguerrero.com\/paginaweb\/wp-content\/uploads\/2025\/05\/homologaciones-logo_s.png","contentUrl":"https:\/\/homologacionesguerrero.com\/paginaweb\/wp-content\/uploads\/2025\/05\/homologaciones-logo_s.png","width":75,"height":59,"caption":"homologaciones guerrero"},"image":{"@id":"https:\/\/homologacionesguerrero.com\/paginaweb\/#\/schema\/logo\/image\/"}}]}},"_links":{"self":[{"href":"https:\/\/homologacionesguerrero.com\/paginaweb\/wp-json\/wp\/v2\/pages\/2","targetHints":{"allow":["GET"]}}],"collection":[{"href":"https:\/\/homologacionesguerrero.com\/paginaweb\/wp-json\/wp\/v2\/pages"}],"about":[{"href":"https:\/\/homologacionesguerrero.com\/paginaweb\/wp-json\/wp\/v2\/types\/page"}],"author":[{"embeddable":true,"href":"https:\/\/homologacionesguerrero.com\/paginaweb\/wp-json\/wp\/v2\/users\/1"}],"replies":[{"embeddable":true,"href":"https:\/\/homologacionesguerrero.com\/paginaweb\/wp-json\/wp\/v2\/comments?post=2"}],"version-history":[{"count":7,"href":"https:\/\/homologacionesguerrero.com\/paginaweb\/wp-json\/wp\/v2\/pages\/2\/revisions"}],"predecessor-version":[{"id":1840,"href":"https:\/\/homologacionesguerrero.com\/paginaweb\/wp-json\/wp\/v2\/pages\/2\/revisions\/1840"}],"wp:attachment":[{"href":"https:\/\/homologacionesguerrero.com\/paginaweb\/wp-json\/wp\/v2\/media?parent=2"}],"curies":[{"name":"wp","href":"https:\/\/api.w.org\/{rel}","templated":true}]}}