{"id":2121,"date":"2025-09-26T10:42:15","date_gmt":"2025-09-26T10:42:15","guid":{"rendered":"https:\/\/homologacionesguerrero.com\/paginaweb\/?page_id=2121"},"modified":"2025-10-30T18:59:05","modified_gmt":"2025-10-30T18:59:05","slug":"asesoramiento-y-reglamentacion","status":"publish","type":"page","link":"https:\/\/homologacionesguerrero.com\/paginaweb\/asesoramiento-y-reglamentacion\/","title":{"rendered":"Asesoramiento y Reglamentaci\u00f3n"},"content":{"rendered":"\t\t<div data-elementor-type=\"wp-page\" data-elementor-id=\"2121\" class=\"elementor elementor-2121\" data-elementor-settings=\"{&quot;ha_cmc_init_switcher&quot;:&quot;no&quot;}\" data-elementor-post-type=\"page\">\n\t\t\t\t<div class=\"elementor-element elementor-element-89a7d7c e-con-full e-flex e-con e-parent\" data-id=\"89a7d7c\" data-element_type=\"container\" data-settings=\"{&quot;background_background&quot;:&quot;classic&quot;,&quot;_ha_eqh_enable&quot;:false}\">\n\t\t\t\t<div class=\"elementor-element elementor-element-0515a3c elementor-widget elementor-widget-heading\" data-id=\"0515a3c\" data-element_type=\"widget\" data-widget_type=\"heading.default\">\n\t\t\t\t<div class=\"elementor-widget-container\">\n\t\t\t\t\t<h2 class=\"elementor-heading-title elementor-size-default\">Asesoramiento y Reglamentaci\u00f3n<\/h2>\t\t\t\t<\/div>\n\t\t\t\t<\/div>\n\t\t\t\t<\/div>\n\t\t<div class=\"elementor-element elementor-element-f2dc28b e-con-full e-flex e-con e-parent\" data-id=\"f2dc28b\" data-element_type=\"container\" data-settings=\"{&quot;_ha_eqh_enable&quot;:false}\">\n\t\t<div class=\"elementor-element elementor-element-e542200 e-con-full e-flex e-con e-child\" data-id=\"e542200\" data-element_type=\"container\">\n\t\t\t\t<div class=\"elementor-element elementor-element-7a32220 ha-css-transform-yes elementor-widget__width-inherit elementor-widget elementor-widget-image\" data-id=\"7a32220\" data-element_type=\"widget\" data-settings=\"{&quot;ha_floating_fx&quot;:&quot;yes&quot;,&quot;ha_floating_fx_translate_toggle&quot;:&quot;yes&quot;,&quot;ha_floating_fx_translate_x&quot;:{&quot;unit&quot;:&quot;px&quot;,&quot;size&quot;:&quot;&quot;,&quot;sizes&quot;:{&quot;from&quot;:0,&quot;to&quot;:0}},&quot;ha_floating_fx_translate_y&quot;:{&quot;unit&quot;:&quot;px&quot;,&quot;size&quot;:&quot;&quot;,&quot;sizes&quot;:{&quot;from&quot;:-16,&quot;to&quot;:16}},&quot;ha_floating_fx_translate_duration&quot;:{&quot;unit&quot;:&quot;px&quot;,&quot;size&quot;:4100,&quot;sizes&quot;:[]},&quot;ha_floating_fx_translate_delay&quot;:{&quot;unit&quot;:&quot;px&quot;,&quot;size&quot;:&quot;&quot;,&quot;sizes&quot;:[]}}\" data-widget_type=\"image.default\">\n\t\t\t\t<div class=\"elementor-widget-container\">\n\t\t\t\t\t\t\t\t\t\t\t\t\t\t\t<img fetchpriority=\"high\" decoding=\"async\" width=\"2048\" height=\"2048\" src=\"https:\/\/homologacionesguerrero.com\/paginaweb\/wp-content\/uploads\/2025\/05\/closeup-friends-working-with-computer-laptop-together-2048x2048.jpg\" class=\"attachment-2048x2048 size-2048x2048 wp-image-1496\" alt=\"\" srcset=\"https:\/\/homologacionesguerrero.com\/paginaweb\/wp-content\/uploads\/2025\/05\/closeup-friends-working-with-computer-laptop-together-2048x2048.jpg 2048w, https:\/\/homologacionesguerrero.com\/paginaweb\/wp-content\/uploads\/2025\/05\/closeup-friends-working-with-computer-laptop-together-300x300.jpg 300w, https:\/\/homologacionesguerrero.com\/paginaweb\/wp-content\/uploads\/2025\/05\/closeup-friends-working-with-computer-laptop-together-1024x1024.jpg 1024w, https:\/\/homologacionesguerrero.com\/paginaweb\/wp-content\/uploads\/2025\/05\/closeup-friends-working-with-computer-laptop-together-150x150.jpg 150w, https:\/\/homologacionesguerrero.com\/paginaweb\/wp-content\/uploads\/2025\/05\/closeup-friends-working-with-computer-laptop-together-768x768.jpg 768w, https:\/\/homologacionesguerrero.com\/paginaweb\/wp-content\/uploads\/2025\/05\/closeup-friends-working-with-computer-laptop-together-1536x1536.jpg 1536w, https:\/\/homologacionesguerrero.com\/paginaweb\/wp-content\/uploads\/2025\/05\/elementor\/thumbs\/closeup-friends-working-with-computer-laptop-together-r6helphrtpn2pvg42863mbcm2hto6vrwm80dei22lc.jpg 400w\" sizes=\"(max-width: 2048px) 100vw, 2048px\" \/>\t\t\t\t\t\t\t\t\t\t\t\t\t\t\t<\/div>\n\t\t\t\t<\/div>\n\t\t\t\t<\/div>\n\t\t<div class=\"elementor-element elementor-element-5596028 e-con-full e-flex e-con e-child\" data-id=\"5596028\" data-element_type=\"container\" data-settings=\"{&quot;_ha_eqh_enable&quot;:false}\">\n\t\t\t\t<div class=\"elementor-element elementor-element-3005345 elementor-widget elementor-widget-text-editor\" data-id=\"3005345\" data-element_type=\"widget\" data-widget_type=\"text-editor.default\">\n\t\t\t\t<div class=\"elementor-widget-container\">\n\t\t\t\t\t\t\t\t\t<ul><li>Asesoramiento en el \u00e1mbito de las homologaciones.<\/li><li>Informaci\u00f3n actualizada y continua de nuevas normativas, que afecten a la comercializaci\u00f3n de veh\u00edculos y componentes.<\/li><\/ul>\t\t\t\t\t\t\t\t<\/div>\n\t\t\t\t<\/div>\n\t\t\t\t<\/div>\n\t\t\t\t<\/div>\n\t\t\t\t<\/div>\n\t\t","protected":false},"excerpt":{"rendered":"<p>Asesoramiento y Reglamentaci\u00f3n Asesoramiento en el \u00e1mbito de las homologaciones. Informaci\u00f3n actualizada y continua de nuevas normativas, que afecten a la comercializaci\u00f3n de veh\u00edculos y componentes.<\/p>\n","protected":false},"author":1,"featured_media":0,"parent":0,"menu_order":0,"comment_status":"closed","ping_status":"closed","template":"","meta":{"site-sidebar-layout":"no-sidebar","site-content-layout":"page-builder","ast-site-content-layout":"full-width-container","site-content-style":"default","site-sidebar-style":"default","ast-global-header-display":"","ast-banner-title-visibility":"","ast-main-header-display":"","ast-hfb-above-header-display":"","ast-hfb-below-header-display":"","ast-hfb-mobile-header-display":"","site-post-title":"disabled","ast-breadcrumbs-content":"","ast-featured-img":"disabled","footer-sml-layout":"","theme-transparent-header-meta":"","adv-header-id-meta":"","stick-header-meta":"","header-above-stick-meta":"","header-main-stick-meta":"","header-below-stick-meta":"","astra-migrate-meta-layouts":"set","ast-page-background-enabled":"default","ast-page-background-meta":{"desktop":{"background-color":"","background-image":"","background-repeat":"repeat","background-position":"center center","background-size":"auto","background-attachment":"scroll","background-type":"","background-media":"","overlay-type":"","overlay-color":"","overlay-opacity":"","overlay-gradient":""},"tablet":{"background-color":"","background-image":"","background-repeat":"repeat","background-position":"center center","background-size":"auto","background-attachment":"scroll","background-type":"","background-media":"","overlay-type":"","overlay-color":"","overlay-opacity":"","overlay-gradient":""},"mobile":{"background-color":"","background-image":"","background-repeat":"repeat","background-position":"center center","background-size":"auto","background-attachment":"scroll","background-type":"","background-media":"","overlay-type":"","overlay-color":"","overlay-opacity":"","overlay-gradient":""}},"ast-content-background-meta":{"desktop":{"background-color":"var(--ast-global-color-5)","background-image":"","background-repeat":"repeat","background-position":"center center","background-size":"auto","background-attachment":"scroll","background-type":"","background-media":"","overlay-type":"","overlay-color":"","overlay-opacity":"","overlay-gradient":""},"tablet":{"background-color":"var(--ast-global-color-5)","background-image":"","background-repeat":"repeat","background-position":"center center","background-size":"auto","background-attachment":"scroll","background-type":"","background-media":"","overlay-type":"","overlay-color":"","overlay-opacity":"","overlay-gradient":""},"mobile":{"background-color":"var(--ast-global-color-5)","background-image":"","background-repeat":"repeat","background-position":"center center","background-size":"auto","background-attachment":"scroll","background-type":"","background-media":"","overlay-type":"","overlay-color":"","overlay-opacity":"","overlay-gradient":""}},"footnotes":""},"class_list":["post-2121","page","type-page","status-publish","hentry"],"yoast_head":"<!-- This site is optimized with the Yoast SEO plugin v26.0 - https:\/\/yoast.com\/wordpress\/plugins\/seo\/ -->\r\n<title>Asesoramiento y Reglamentaci\u00f3n - homologaciones guerrero<\/title>\r\n<meta name=\"description\" content=\"El ciclo completo de documentaci\u00f3n t\u00e9cnica y legal, desde el registro oficial hasta el seguimiento en vigilancia de mercado\" \/>\r\n<meta name=\"robots\" content=\"index, follow, max-snippet:-1, max-image-preview:large, max-video-preview:-1\" \/>\r\n<link rel=\"canonical\" href=\"https:\/\/homologacionesguerrero.com\/paginaweb\/asesoramiento-y-reglamentacion\/\" \/>\r\n<meta property=\"og:locale\" content=\"es_ES\" \/>\r\n<meta property=\"og:type\" content=\"article\" \/>\r\n<meta property=\"og:title\" content=\"Asesoramiento y Reglamentaci\u00f3n - homologaciones guerrero\" \/>\r\n<meta property=\"og:description\" content=\"El ciclo completo de documentaci\u00f3n t\u00e9cnica y legal, desde el registro oficial hasta el seguimiento en vigilancia de mercado\" \/>\r\n<meta property=\"og:url\" content=\"https:\/\/homologacionesguerrero.com\/paginaweb\/asesoramiento-y-reglamentacion\/\" \/>\r\n<meta property=\"og:site_name\" content=\"homologaciones guerrero\" \/>\r\n<meta property=\"article:modified_time\" content=\"2025-10-30T18:59:05+00:00\" \/>\r\n<meta property=\"og:image\" content=\"http:\/\/homologacionesguerrero.com\/paginaweb\/wp-content\/uploads\/2025\/05\/closeup-friends-working-with-computer-laptop-together-2048x2048.jpg\" \/>\r\n<meta name=\"twitter:card\" content=\"summary_large_image\" \/>\r\n<meta name=\"twitter:label1\" content=\"Tiempo de lectura\" \/>\n\t<meta name=\"twitter:data1\" content=\"1 minuto\" \/>\r\n<script type=\"application\/ld+json\" class=\"yoast-schema-graph\">{\"@context\":\"https:\/\/schema.org\",\"@graph\":[{\"@type\":\"WebPage\",\"@id\":\"https:\/\/homologacionesguerrero.com\/paginaweb\/asesoramiento-y-reglamentacion\/\",\"url\":\"https:\/\/homologacionesguerrero.com\/paginaweb\/asesoramiento-y-reglamentacion\/\",\"name\":\"Asesoramiento y Reglamentaci\u00f3n - homologaciones guerrero\",\"isPartOf\":{\"@id\":\"https:\/\/homologacionesguerrero.com\/paginaweb\/#website\"},\"primaryImageOfPage\":{\"@id\":\"https:\/\/homologacionesguerrero.com\/paginaweb\/asesoramiento-y-reglamentacion\/#primaryimage\"},\"image\":{\"@id\":\"https:\/\/homologacionesguerrero.com\/paginaweb\/asesoramiento-y-reglamentacion\/#primaryimage\"},\"thumbnailUrl\":\"http:\/\/homologacionesguerrero.com\/paginaweb\/wp-content\/uploads\/2025\/05\/closeup-friends-working-with-computer-laptop-together-2048x2048.jpg\",\"datePublished\":\"2025-09-26T10:42:15+00:00\",\"dateModified\":\"2025-10-30T18:59:05+00:00\",\"description\":\"El ciclo completo de documentaci\u00f3n t\u00e9cnica y legal, desde el registro oficial hasta el seguimiento en vigilancia de mercado\",\"breadcrumb\":{\"@id\":\"https:\/\/homologacionesguerrero.com\/paginaweb\/asesoramiento-y-reglamentacion\/#breadcrumb\"},\"inLanguage\":\"es\",\"potentialAction\":[{\"@type\":\"ReadAction\",\"target\":[\"https:\/\/homologacionesguerrero.com\/paginaweb\/asesoramiento-y-reglamentacion\/\"]}]},{\"@type\":\"ImageObject\",\"inLanguage\":\"es\",\"@id\":\"https:\/\/homologacionesguerrero.com\/paginaweb\/asesoramiento-y-reglamentacion\/#primaryimage\",\"url\":\"https:\/\/homologacionesguerrero.com\/paginaweb\/wp-content\/uploads\/2025\/05\/closeup-friends-working-with-computer-laptop-together.jpg\",\"contentUrl\":\"https:\/\/homologacionesguerrero.com\/paginaweb\/wp-content\/uploads\/2025\/05\/closeup-friends-working-with-computer-laptop-together.jpg\",\"width\":2363,\"height\":2362},{\"@type\":\"BreadcrumbList\",\"@id\":\"https:\/\/homologacionesguerrero.com\/paginaweb\/asesoramiento-y-reglamentacion\/#breadcrumb\",\"itemListElement\":[{\"@type\":\"ListItem\",\"position\":1,\"name\":\"Portada\",\"item\":\"https:\/\/homologacionesguerrero.com\/paginaweb\/\"},{\"@type\":\"ListItem\",\"position\":2,\"name\":\"Asesoramiento y Reglamentaci\u00f3n\"}]},{\"@type\":\"WebSite\",\"@id\":\"https:\/\/homologacionesguerrero.com\/paginaweb\/#website\",\"url\":\"https:\/\/homologacionesguerrero.com\/paginaweb\/\",\"name\":\"homologaciones guerrero\",\"description\":\"Homologaciones Guerrero naci\u00f3 en 1981 como una empresa pionera en Espa\u00f1a dentro del sector de la homologaci\u00f3n de veh\u00edculos y componentes.\",\"publisher\":{\"@id\":\"https:\/\/homologacionesguerrero.com\/paginaweb\/#organization\"},\"potentialAction\":[{\"@type\":\"SearchAction\",\"target\":{\"@type\":\"EntryPoint\",\"urlTemplate\":\"https:\/\/homologacionesguerrero.com\/paginaweb\/?s={search_term_string}\"},\"query-input\":{\"@type\":\"PropertyValueSpecification\",\"valueRequired\":true,\"valueName\":\"search_term_string\"}}],\"inLanguage\":\"es\"},{\"@type\":\"Organization\",\"@id\":\"https:\/\/homologacionesguerrero.com\/paginaweb\/#organization\",\"name\":\"homologaciones guerrero\",\"url\":\"https:\/\/homologacionesguerrero.com\/paginaweb\/\",\"logo\":{\"@type\":\"ImageObject\",\"inLanguage\":\"es\",\"@id\":\"https:\/\/homologacionesguerrero.com\/paginaweb\/#\/schema\/logo\/image\/\",\"url\":\"https:\/\/homologacionesguerrero.com\/paginaweb\/wp-content\/uploads\/2025\/05\/homologaciones-logo_s.png\",\"contentUrl\":\"https:\/\/homologacionesguerrero.com\/paginaweb\/wp-content\/uploads\/2025\/05\/homologaciones-logo_s.png\",\"width\":75,\"height\":59,\"caption\":\"homologaciones guerrero\"},\"image\":{\"@id\":\"https:\/\/homologacionesguerrero.com\/paginaweb\/#\/schema\/logo\/image\/\"}}]}<\/script>\r\n<!-- \/ Yoast SEO plugin. -->","yoast_head_json":{"title":"Asesoramiento y Reglamentaci\u00f3n - homologaciones guerrero","description":"El ciclo completo de documentaci\u00f3n t\u00e9cnica y legal, desde el registro oficial hasta el seguimiento en vigilancia de mercado","robots":{"index":"index","follow":"follow","max-snippet":"max-snippet:-1","max-image-preview":"max-image-preview:large","max-video-preview":"max-video-preview:-1"},"canonical":"https:\/\/homologacionesguerrero.com\/paginaweb\/asesoramiento-y-reglamentacion\/","og_locale":"es_ES","og_type":"article","og_title":"Asesoramiento y Reglamentaci\u00f3n - homologaciones guerrero","og_description":"El ciclo completo de documentaci\u00f3n t\u00e9cnica y legal, desde el registro oficial hasta el seguimiento en vigilancia de mercado","og_url":"https:\/\/homologacionesguerrero.com\/paginaweb\/asesoramiento-y-reglamentacion\/","og_site_name":"homologaciones guerrero","article_modified_time":"2025-10-30T18:59:05+00:00","og_image":[{"url":"http:\/\/homologacionesguerrero.com\/paginaweb\/wp-content\/uploads\/2025\/05\/closeup-friends-working-with-computer-laptop-together-2048x2048.jpg","type":"","width":"","height":""}],"twitter_card":"summary_large_image","twitter_misc":{"Tiempo de lectura":"1 minuto"},"schema":{"@context":"https:\/\/schema.org","@graph":[{"@type":"WebPage","@id":"https:\/\/homologacionesguerrero.com\/paginaweb\/asesoramiento-y-reglamentacion\/","url":"https:\/\/homologacionesguerrero.com\/paginaweb\/asesoramiento-y-reglamentacion\/","name":"Asesoramiento y Reglamentaci\u00f3n - homologaciones guerrero","isPartOf":{"@id":"https:\/\/homologacionesguerrero.com\/paginaweb\/#website"},"primaryImageOfPage":{"@id":"https:\/\/homologacionesguerrero.com\/paginaweb\/asesoramiento-y-reglamentacion\/#primaryimage"},"image":{"@id":"https:\/\/homologacionesguerrero.com\/paginaweb\/asesoramiento-y-reglamentacion\/#primaryimage"},"thumbnailUrl":"http:\/\/homologacionesguerrero.com\/paginaweb\/wp-content\/uploads\/2025\/05\/closeup-friends-working-with-computer-laptop-together-2048x2048.jpg","datePublished":"2025-09-26T10:42:15+00:00","dateModified":"2025-10-30T18:59:05+00:00","description":"El ciclo completo de documentaci\u00f3n t\u00e9cnica y legal, desde el registro oficial hasta el seguimiento en vigilancia de mercado","breadcrumb":{"@id":"https:\/\/homologacionesguerrero.com\/paginaweb\/asesoramiento-y-reglamentacion\/#breadcrumb"},"inLanguage":"es","potentialAction":[{"@type":"ReadAction","target":["https:\/\/homologacionesguerrero.com\/paginaweb\/asesoramiento-y-reglamentacion\/"]}]},{"@type":"ImageObject","inLanguage":"es","@id":"https:\/\/homologacionesguerrero.com\/paginaweb\/asesoramiento-y-reglamentacion\/#primaryimage","url":"https:\/\/homologacionesguerrero.com\/paginaweb\/wp-content\/uploads\/2025\/05\/closeup-friends-working-with-computer-laptop-together.jpg","contentUrl":"https:\/\/homologacionesguerrero.com\/paginaweb\/wp-content\/uploads\/2025\/05\/closeup-friends-working-with-computer-laptop-together.jpg","width":2363,"height":2362},{"@type":"BreadcrumbList","@id":"https:\/\/homologacionesguerrero.com\/paginaweb\/asesoramiento-y-reglamentacion\/#breadcrumb","itemListElement":[{"@type":"ListItem","position":1,"name":"Portada","item":"https:\/\/homologacionesguerrero.com\/paginaweb\/"},{"@type":"ListItem","position":2,"name":"Asesoramiento y Reglamentaci\u00f3n"}]},{"@type":"WebSite","@id":"https:\/\/homologacionesguerrero.com\/paginaweb\/#website","url":"https:\/\/homologacionesguerrero.com\/paginaweb\/","name":"homologaciones guerrero","description":"Homologaciones Guerrero naci\u00f3 en 1981 como una empresa pionera en Espa\u00f1a dentro del sector de la homologaci\u00f3n de veh\u00edculos y componentes.","publisher":{"@id":"https:\/\/homologacionesguerrero.com\/paginaweb\/#organization"},"potentialAction":[{"@type":"SearchAction","target":{"@type":"EntryPoint","urlTemplate":"https:\/\/homologacionesguerrero.com\/paginaweb\/?s={search_term_string}"},"query-input":{"@type":"PropertyValueSpecification","valueRequired":true,"valueName":"search_term_string"}}],"inLanguage":"es"},{"@type":"Organization","@id":"https:\/\/homologacionesguerrero.com\/paginaweb\/#organization","name":"homologaciones guerrero","url":"https:\/\/homologacionesguerrero.com\/paginaweb\/","logo":{"@type":"ImageObject","inLanguage":"es","@id":"https:\/\/homologacionesguerrero.com\/paginaweb\/#\/schema\/logo\/image\/","url":"https:\/\/homologacionesguerrero.com\/paginaweb\/wp-content\/uploads\/2025\/05\/homologaciones-logo_s.png","contentUrl":"https:\/\/homologacionesguerrero.com\/paginaweb\/wp-content\/uploads\/2025\/05\/homologaciones-logo_s.png","width":75,"height":59,"caption":"homologaciones guerrero"},"image":{"@id":"https:\/\/homologacionesguerrero.com\/paginaweb\/#\/schema\/logo\/image\/"}}]}},"_links":{"self":[{"href":"https:\/\/homologacionesguerrero.com\/paginaweb\/wp-json\/wp\/v2\/pages\/2121","targetHints":{"allow":["GET"]}}],"collection":[{"href":"https:\/\/homologacionesguerrero.com\/paginaweb\/wp-json\/wp\/v2\/pages"}],"about":[{"href":"https:\/\/homologacionesguerrero.com\/paginaweb\/wp-json\/wp\/v2\/types\/page"}],"author":[{"embeddable":true,"href":"https:\/\/homologacionesguerrero.com\/paginaweb\/wp-json\/wp\/v2\/users\/1"}],"replies":[{"embeddable":true,"href":"https:\/\/homologacionesguerrero.com\/paginaweb\/wp-json\/wp\/v2\/comments?post=2121"}],"version-history":[{"count":40,"href":"https:\/\/homologacionesguerrero.com\/paginaweb\/wp-json\/wp\/v2\/pages\/2121\/revisions"}],"predecessor-version":[{"id":2566,"href":"https:\/\/homologacionesguerrero.com\/paginaweb\/wp-json\/wp\/v2\/pages\/2121\/revisions\/2566"}],"wp:attachment":[{"href":"https:\/\/homologacionesguerrero.com\/paginaweb\/wp-json\/wp\/v2\/media?parent=2121"}],"curies":[{"name":"wp","href":"https:\/\/api.w.org\/{rel}","templated":true}]}}