{"id":3,"date":"2025-05-19T16:48:36","date_gmt":"2025-05-19T16:48:36","guid":{"rendered":"http:\/\/homologacionesguerrero.com\/paginaweb\/?page_id=3"},"modified":"2025-07-18T09:26:03","modified_gmt":"2025-07-18T09:26:03","slug":"proteccion-de-datos","status":"publish","type":"page","link":"https:\/\/homologacionesguerrero.com\/paginaweb\/proteccion-de-datos\/","title":{"rendered":"PROTECCION DE DATOS"},"content":{"rendered":"\t\t<div data-elementor-type=\"wp-page\" data-elementor-id=\"3\" class=\"elementor elementor-3\" data-elementor-settings=\"{&quot;ha_cmc_init_switcher&quot;:&quot;no&quot;}\" data-elementor-post-type=\"page\">\n\t\t\t\t<div class=\"elementor-element elementor-element-110ad6da e-flex e-con-boxed e-con e-parent\" data-id=\"110ad6da\" data-element_type=\"container\" data-settings=\"{&quot;_ha_eqh_enable&quot;:false}\">\n\t\t\t\t\t<div class=\"e-con-inner\">\n\t\t\t\t<div class=\"elementor-element elementor-element-3f4727d elementor-widget elementor-widget-heading\" data-id=\"3f4727d\" data-element_type=\"widget\" data-widget_type=\"heading.default\">\n\t\t\t\t<div class=\"elementor-widget-container\">\n\t\t\t\t\t<h1 class=\"elementor-heading-title elementor-size-default\">PROTECCION DE DATOS<\/h1>\t\t\t\t<\/div>\n\t\t\t\t<\/div>\n\t\t\t\t<div class=\"elementor-element elementor-element-502b651 elementor-widget elementor-widget-text-editor\" data-id=\"502b651\" data-element_type=\"widget\" data-widget_type=\"text-editor.default\">\n\t\t\t\t<div class=\"elementor-widget-container\">\n\t\t\t\t\t\t\t\t\t<p>El\u00a0 Reglamento General de Protecci\u00f3n de Datos (Reglamento (UE) 2016\/679) armoniza la legislaci\u00f3n en materia de Protecci\u00f3n de Datos en toda la Uni\u00f3n Europea, incrementado la protecci\u00f3n de las personas f\u00edsicas y otorg\u00e1ndoles un mayor control sobre sus datos personales.<\/p>\n<p>\u00a0<\/p>\n<p>HOMOLOGACIONES GUERRERO. siempre nos hemos preocupado por la protecci\u00f3n de los datos personales. Por ello, hemos actualizado nuestra Pol\u00edtica de Privacidad a fin de ajustarla a la nueva regulaci\u00f3n e informarle sobre los cambios que afectan a sus derechos:<\/p>\n<p>\u00a0<\/p>\n<p><strong>\u00bfQui\u00e9n es el responsable del tratamiento de sus datos personales?<\/strong><\/p>\n<p>\u00a0<\/p>\n<p><strong>HOMOLOGACIONES GUERRERO SL.<\/strong> , sociedad con domicilio social en, <em>Avenida de la Industria, 48. 28760 Tres Cantos. Madrid<\/em> y CIF B02911857<\/p>\n<p>\u00a0<\/p>\n<p><strong>\u00bfCon qu\u00e9 finalidad tratamos sus datos personales?<\/strong><\/p>\n<p>\u00a0<\/p>\n<p>Los datos que HOMOLOGACIONES GUERRERO SL., recaba por las diferentes v\u00edas (p\u00e1gina web, correo electr\u00f3nico, formularios electr\u00f3nicos o formularios y documentos en papel) dentro de su actividad, son tratados con las siguientes finalidades:<\/p>\n<ul>\n<li>Mantenimiento de la relaci\u00f3n comercial y contractual con nosotros.<\/li>\n<li>Env\u00edo de comunicaciones comerciales (e-mail, boletines y newsletters), sobre nuestros productos y servicios<\/li>\n<li>Encuestas de satisfacci\u00f3n de clientes.<\/li>\n<li>Selecci\u00f3n de candidatos a un puesto de trabajo.<\/li>\n<li>Gesti\u00f3n de las comunicaciones recibidas a trav\u00e9s del Canal \u00c9tico.<\/li>\n<\/ul>\n<p><strong>\u00bfCu\u00e1nto tiempo conservamos sus datos?<\/strong><\/p>\n<p>En el caso de proveedores, clientes, colaboradores y personal, conservamos sus datos mientras dure la relaci\u00f3n contractual con nosotros y, posteriormente, durante el per\u00edodo establecido en la legislaci\u00f3n vigente aplicable.<\/p>\n<p>En relaci\u00f3n a los procesos de selecci\u00f3n de personal, los datos ser\u00e1n conservados mientras dure el proceso y, en el caso de que el CV sea de inter\u00e9s, ser\u00e1 conservado por un periodo no superior a un a\u00f1o para, pasado ese tiempo, ser eliminado o destruido.<\/p>\n<p>En relaci\u00f3n a las acciones destinadas a la prospecci\u00f3n comercial, los datos ser\u00e1n conservados hasta que el interesado muestre su oposici\u00f3n al tratamiento o retire su consentimiento.<\/p>\n<p>En el caso de las comunicaciones recibidas a trav\u00e9s del Canal \u00e9tico, en caso de admisi\u00f3n, se conservar\u00e1n mientras se substancia la investigaci\u00f3n durante tres meses y, en todo caso, por un plazo no superior a diez a\u00f1os.<\/p>\n<p><strong>\u00bfPor qu\u00e9 utilizamos sus datos personales?<\/strong><\/p>\n<p>Sus datos personales son tratados por HOMOLOGACIONES GUERRERO.<strong>\u00a0<\/strong>sobre las siguientes bases legales:<\/p>\n<ul>\n<li>Su consentimiento o bien hayan sido suministrados voluntariamente por usted por cualquier medio. En este sentido, la inclusi\u00f3n de datos personales en ficheros es absolutamente voluntaria y su recogida est\u00e1 debidamente anunciada.<\/li>\n<li>El mantenimiento, desarrollo y ejecuci\u00f3n de una relaci\u00f3n contractual que mantengamos con usted, en el caso de: (i) prestaci\u00f3n de servicios; (ii) relaci\u00f3n laboral, mercantil, administrativo, entre otros.<\/li>\n<li>Por inter\u00e9s leg\u00edtimo, respetando siempre su derecho a la protecci\u00f3n de datos personales, al honor y a la intimidad, para el desarrollo y difusi\u00f3n de nuestros productos y servicios.<\/li>\n<li>Cumplimiento de obligaciones legales como la gesti\u00f3n del Canal \u00e9tico como sistema interno de informaci\u00f3n.<\/li>\n<\/ul>\n<p><strong>\u00bfA qui\u00e9nes comunicaremos sus datos?<\/strong><\/p>\n<p>Sus datos ser\u00e1n conservados bajo estrictas medidas de seguridad que garanticen la confidencialidad y la seguridad de los mismos. Del mismo modo, s\u00f3lo ser\u00e1n cedidos a las entidades y para las finalidades siguientes:<\/p>\n<p>\u00a0<\/p>\n<ul>\n<li>Los datos de clientes o personas interesadas no ser\u00e1n cedidos a terceros, salvo que sean necesarios para la prestaci\u00f3n del servicio solicitado por el cliente.<\/li>\n<\/ul>\n<ul>\n<li>Entidades y proveedores que prestan servicios a HOMOLOGACIONES GUERRERO.\u00a0para la correcta ejecuci\u00f3n de nuestras actividades y proyectos. Dichas entidades y proveedores se encuentran debidamente acreditados y firman con nosotros el correspondiente contrato de tratamiento de datos en cumplimiento de la normativa de protecci\u00f3n de datos vigente.<\/li>\n<\/ul>\n<p>Por ponerle ejemplos de los servicios que nos prestan nuestros proveedores y que pueden implicar el tratamiento de sus datos personales por cuenta de la sociedad HOMOLOGACIONES GUERRERO SL., podemos citarle, a t\u00edtulo enunciativo y no limitativo: servicios profesionales multidisciplinares, log\u00edstica, asesoramiento jur\u00eddico, servicios tecnol\u00f3gicos, inform\u00e1ticos, mensajer\u00eda y reparto, mantenimiento, seguridad y vigilancia, publicidad y marketing, <em>call center<\/em> etc.<\/p>\n<p>\u00a0<\/p>\n<ul>\n<li>Organismos y autoridades p\u00fablicas y Juzgados y Tribunales cuando exista obligaci\u00f3n legal de facilitar los datos.<\/li>\n<\/ul>\n<p><strong>\u00bfQu\u00e9 canales utilizamos para obtener sus datos?:<\/strong><\/p>\n<p>HOMOLOGACIONES GUERRERO., obtiene los datos de car\u00e1cter personal a trav\u00e9s de los siguientes canales:<\/p>\n<ul>\n<li>Correo electr\u00f3nico<\/li>\n<li>Formularios\/ Cuestionarios (Web , electr\u00f3nicos o formato papel)<\/li>\n<li>Intercambio de tarjetas de presentaci\u00f3n.<\/li>\n<li>Contratos de servicio.<\/li>\n<li>Ferias y eventos relacionados con su sector de negocio.<\/li>\n<li>Canal \u00c9tico.<\/li>\n<\/ul>\n<p>\u00a0<strong>\u00bfQu\u00e9 categor\u00edas de datos tratamos?<\/strong><\/p>\n<p>\u00a0<\/p>\n<ul>\n<li>Datos de identificaci\u00f3n.<\/li>\n<li>Datos de empleo.<\/li>\n<li>Datos acad\u00e9micos y profesionales<\/li>\n<li>Direcciones electr\u00f3nicas<\/li>\n<li>Informaci\u00f3n comercial<\/li>\n<li>Datos econ\u00f3micos, financieros.<\/li>\n<\/ul>\n<p><strong>\u00bfQu\u00e9 medidas de seguridad aplicamos a los datos personales?<\/strong><\/p>\n<p>HOMOLOGACIONES GUERRERO., le informa de que aplica las medidas de seguridad necesarias para evitar el robo, alteraci\u00f3n o acceso no autorizado a los datos, teniendo\u00a0 en cuenta el estado de la t\u00e9cnica, los costes de aplicaci\u00f3n, y la naturaleza, el alcance, el contexto y los fines del tratamiento, as\u00ed como riesgos de probabilidad y gravedad variables para los derechos y libertades de las personas f\u00edsicas.<\/p>\n<p>En caso de subcontrataci\u00f3n de servicios exigir\u00e1 y velar\u00e1 por que el\u00a0 encargado del tratamiento aplique medidas t\u00e9cnicas y organizativas apropiadas para garantizar un nivel de seguridad adecuado a los riesgos existentes, conforme se recoge en el art. 32 del Reglamento General de Protecci\u00f3n de Datos.<\/p>\n<p>Tambi\u00e9n realizamos Evaluaciones de Impacto sobre aquellas operaciones de tratamiento que consideramos puedan tener un riesgo para los derechos y libertades de las personas, con el objeto de implantar las medidas necesarias y oportunas para evitar una violaci\u00f3n de la confidencialidad.\u00a0<\/p>\n<p><strong>\u00bfCu\u00e1les son sus derechos?<\/strong><\/p>\n<p>Toda persona tiene derecho a conocer si HOMOLOGACIONES GUERRERO SL.\u00a0realiza tratamientos de sus datos personales. Tambi\u00e9n tiene derecho a:<\/p>\n<ul>\n<li><strong>Acceder<\/strong> a sus datos personales,<\/li>\n<li>Solicitar la <strong>rectificaci\u00f3n<\/strong> de los datos inexactos.<\/li>\n<li>Solicitar su <strong>supresi\u00f3n<\/strong> cuando, entre otros motivos, los datos ya no sean necesarios para los fines para los que fueron recogidos,<\/li>\n<li><strong>Oponerse <\/strong>al tratamiento de sus datos, por motivos relacionados con su situaci\u00f3n particular, solicitando que no sean tratados por HOMOLOGACIONES GUERRERO SL..<\/li>\n<li>En determinadas circunstancias, solicitar la <strong>limitaci\u00f3n del tratamiento<\/strong> de sus datos, en cuyo caso \u00fanicamente los conservaremos para el ejercicio o la defensa de reclamaciones.<\/li>\n<li><strong>Retirar, siempre que quiera, el consentimiento prestado<\/strong>, sin que ello afecte a la licitud del tratamiento que hayamos\u00a0 realizado con anterioridad a dicha retirada.<\/li>\n<\/ul>\n<p>Cuando ejercite sus derechos de supresi\u00f3n, oposici\u00f3n, limitaci\u00f3n o nos retire su consentimiento, HOMOLOGACIONES GUERRERO.\u00a0dejar\u00e1 de tratar sus datos, salvo por motivos leg\u00edtimos imperiosos o el ejercicio o la defensa de posibles reclamaciones.<\/p>\n<p>Todos estos derechos podr\u00e1 ejercitarlos, dirigi\u00e9ndose a nosotros en las siguientes direcciones: <strong>HOMOLOGACIONES GUERRERO SL.<\/strong> (en adelante \u201cHOMOLOGACIONES GUERRERO\u201d), sociedad con domicilio social en\u00a0<b>Avenida de la Industria, 48. 28760 Tres Cantos. Madrid y CIF B02911857, o al e-mail <span style=\"font-style: inherit; font-weight: inherit; font-family: var( --e-global-typography-text-font-family ), Sans-serif; text-align: var(--text-align); background-color: var(--ast-global-color-5); color: var(--ast-global-color-3);\">info@homologacionesguerrero.com<\/span><\/b><\/p>\n<p>Recuerde siempre que ejercite alguno de los derechos que le hemos expuesto, acompa\u00f1ar a su solicitud una copia de su DNI o documento equivalente que nos permita comprobar su identidad.<\/p>\n<p>Asimismo, si no est\u00e1 conforme con c\u00f3mo hemos atendido sus derechos, podr\u00e1s presentar una reclamaci\u00f3n ante la Agencia Espa\u00f1ola de Protecci\u00f3n de Datos, a trav\u00e9s de la p\u00e1gina Web <a href=\"http:\/\/www.agpd.es\">www.agpd.es<\/a>.<\/p>\n<p><strong>\u00bfQu\u00e9 puede hacer si no quiere recibir Comunicaciones comerciales?: <\/strong><\/p>\n<p>De conformidad con la LSSI, podr\u00e1 darse de baja de cualquiera de los servicios de subscripci\u00f3n, as\u00ed como manifestar su oposici\u00f3n a recibir informaciones publicitarias, enviando la palabra BAJA a las siguientes direcciones:\u00a0<span style=\"text-align: var(--text-align); background-color: var(--ast-global-color-5);\"><b>HOMOLOGACIONES GUERRERO SL<\/b><\/span><span style=\"font-style: inherit; font-weight: inherit; font-family: var( --e-global-typography-text-font-family ), Sans-serif; text-align: var(--text-align); background-color: var(--ast-global-color-5); color: var(--ast-global-color-3);\">, sociedad con domicilio social <\/span><b style=\"font-style: inherit; font-family: var( --e-global-typography-text-font-family ), Sans-serif; text-align: var(--text-align); background-color: var(--ast-global-color-5); color: var(--ast-global-color-3);\">en Avenida de la Industria, 48. 28760 Tres Cantos. Madrid y CIF B02911857,<\/b><span style=\"font-style: inherit; font-weight: inherit; font-family: var( --e-global-typography-text-font-family ), Sans-serif; text-align: var(--text-align); background-color: var(--ast-global-color-5); color: var(--ast-global-color-3);\"> o al correo electr\u00f3nico a la siguiente direcci\u00f3n: info@homologacionesguerrero.com<\/span><\/p>\t\t\t\t\t\t\t\t<\/div>\n\t\t\t\t<\/div>\n\t\t\t\t\t<\/div>\n\t\t\t\t<\/div>\n\t\t\t\t<\/div>\n\t\t","protected":false},"excerpt":{"rendered":"<p>PROTECCION DE DATOS El\u00a0 Reglamento General de Protecci\u00f3n de Datos (Reglamento (UE) 2016\/679) armoniza la legislaci\u00f3n en materia de Protecci\u00f3n de Datos en toda la Uni\u00f3n Europea, incrementado la protecci\u00f3n de las personas f\u00edsicas y otorg\u00e1ndoles un mayor control sobre sus datos personales. \u00a0 HOMOLOGACIONES GUERRERO. siempre nos hemos preocupado por la protecci\u00f3n de los [&hellip;]<\/p>\n","protected":false},"author":1,"featured_media":0,"parent":0,"menu_order":0,"comment_status":"closed","ping_status":"open","template":"","meta":{"site-sidebar-layout":"default","site-content-layout":"","ast-site-content-layout":"default","site-content-style":"default","site-sidebar-style":"default","ast-global-header-display":"","ast-banner-title-visibility":"","ast-main-header-display":"","ast-hfb-above-header-display":"","ast-hfb-below-header-display":"","ast-hfb-mobile-header-display":"","site-post-title":"disabled","ast-breadcrumbs-content":"","ast-featured-img":"","footer-sml-layout":"","theme-transparent-header-meta":"","adv-header-id-meta":"","stick-header-meta":"","header-above-stick-meta":"","header-main-stick-meta":"","header-below-stick-meta":"","astra-migrate-meta-layouts":"set","ast-page-background-enabled":"default","ast-page-background-meta":{"desktop":{"background-color":"","background-image":"","background-repeat":"repeat","background-position":"center center","background-size":"auto","background-attachment":"scroll","background-type":"","background-media":"","overlay-type":"","overlay-color":"","overlay-opacity":"","overlay-gradient":""},"tablet":{"background-color":"","background-image":"","background-repeat":"repeat","background-position":"center center","background-size":"auto","background-attachment":"scroll","background-type":"","background-media":"","overlay-type":"","overlay-color":"","overlay-opacity":"","overlay-gradient":""},"mobile":{"background-color":"","background-image":"","background-repeat":"repeat","background-position":"center center","background-size":"auto","background-attachment":"scroll","background-type":"","background-media":"","overlay-type":"","overlay-color":"","overlay-opacity":"","overlay-gradient":""}},"ast-content-background-meta":{"desktop":{"background-color":"var(--ast-global-color-5)","background-image":"","background-repeat":"repeat","background-position":"center center","background-size":"auto","background-attachment":"scroll","background-type":"","background-media":"","overlay-type":"","overlay-color":"","overlay-opacity":"","overlay-gradient":""},"tablet":{"background-color":"var(--ast-global-color-5)","background-image":"","background-repeat":"repeat","background-position":"center center","background-size":"auto","background-attachment":"scroll","background-type":"","background-media":"","overlay-type":"","overlay-color":"","overlay-opacity":"","overlay-gradient":""},"mobile":{"background-color":"var(--ast-global-color-5)","background-image":"","background-repeat":"repeat","background-position":"center center","background-size":"auto","background-attachment":"scroll","background-type":"","background-media":"","overlay-type":"","overlay-color":"","overlay-opacity":"","overlay-gradient":""}},"footnotes":""},"class_list":["post-3","page","type-page","status-publish","hentry"],"yoast_head":"<!-- This site is optimized with the Yoast SEO plugin v26.0 - https:\/\/yoast.com\/wordpress\/plugins\/seo\/ -->\r\n<title>PROTECCION DE DATOS - homologaciones guerrero<\/title>\r\n<meta name=\"description\" content=\"El Reglamento General de Protecci\u00f3n de Datos (Reglamento (UE) 2016\/679) armoniza la legislaci\u00f3n en materia de Protecci\u00f3n de Datos\" \/>\r\n<meta name=\"robots\" content=\"index, follow, max-snippet:-1, max-image-preview:large, max-video-preview:-1\" \/>\r\n<link rel=\"canonical\" href=\"https:\/\/homologacionesguerrero.com\/paginaweb\/proteccion-de-datos\/\" \/>\r\n<meta property=\"og:locale\" content=\"es_ES\" \/>\r\n<meta property=\"og:type\" content=\"article\" \/>\r\n<meta property=\"og:title\" content=\"PROTECCION DE DATOS - homologaciones guerrero\" \/>\r\n<meta property=\"og:description\" content=\"El Reglamento General de Protecci\u00f3n de Datos (Reglamento (UE) 2016\/679) armoniza la legislaci\u00f3n en materia de Protecci\u00f3n de Datos\" \/>\r\n<meta property=\"og:url\" content=\"https:\/\/homologacionesguerrero.com\/paginaweb\/proteccion-de-datos\/\" \/>\r\n<meta property=\"og:site_name\" content=\"homologaciones guerrero\" \/>\r\n<meta property=\"article:modified_time\" content=\"2025-07-18T09:26:03+00:00\" \/>\r\n<meta name=\"twitter:card\" content=\"summary_large_image\" \/>\r\n<meta name=\"twitter:label1\" content=\"Tiempo de lectura\" \/>\n\t<meta name=\"twitter:data1\" content=\"6 minutos\" \/>\r\n<script type=\"application\/ld+json\" class=\"yoast-schema-graph\">{\"@context\":\"https:\/\/schema.org\",\"@graph\":[{\"@type\":\"WebPage\",\"@id\":\"https:\/\/homologacionesguerrero.com\/paginaweb\/proteccion-de-datos\/\",\"url\":\"https:\/\/homologacionesguerrero.com\/paginaweb\/proteccion-de-datos\/\",\"name\":\"PROTECCION DE DATOS - homologaciones guerrero\",\"isPartOf\":{\"@id\":\"https:\/\/homologacionesguerrero.com\/paginaweb\/#website\"},\"datePublished\":\"2025-05-19T16:48:36+00:00\",\"dateModified\":\"2025-07-18T09:26:03+00:00\",\"description\":\"El Reglamento General de Protecci\u00f3n de Datos (Reglamento (UE) 2016\/679) armoniza la legislaci\u00f3n en materia de Protecci\u00f3n de Datos\",\"breadcrumb\":{\"@id\":\"https:\/\/homologacionesguerrero.com\/paginaweb\/proteccion-de-datos\/#breadcrumb\"},\"inLanguage\":\"es\",\"potentialAction\":[{\"@type\":\"ReadAction\",\"target\":[\"https:\/\/homologacionesguerrero.com\/paginaweb\/proteccion-de-datos\/\"]}]},{\"@type\":\"BreadcrumbList\",\"@id\":\"https:\/\/homologacionesguerrero.com\/paginaweb\/proteccion-de-datos\/#breadcrumb\",\"itemListElement\":[{\"@type\":\"ListItem\",\"position\":1,\"name\":\"Portada\",\"item\":\"https:\/\/homologacionesguerrero.com\/paginaweb\/\"},{\"@type\":\"ListItem\",\"position\":2,\"name\":\"PROTECCION DE DATOS\"}]},{\"@type\":\"WebSite\",\"@id\":\"https:\/\/homologacionesguerrero.com\/paginaweb\/#website\",\"url\":\"https:\/\/homologacionesguerrero.com\/paginaweb\/\",\"name\":\"homologaciones guerrero\",\"description\":\"Homologaciones Guerrero naci\u00f3 en 1981 como una empresa pionera en Espa\u00f1a dentro del sector de la homologaci\u00f3n de veh\u00edculos y componentes.\",\"publisher\":{\"@id\":\"https:\/\/homologacionesguerrero.com\/paginaweb\/#organization\"},\"potentialAction\":[{\"@type\":\"SearchAction\",\"target\":{\"@type\":\"EntryPoint\",\"urlTemplate\":\"https:\/\/homologacionesguerrero.com\/paginaweb\/?s={search_term_string}\"},\"query-input\":{\"@type\":\"PropertyValueSpecification\",\"valueRequired\":true,\"valueName\":\"search_term_string\"}}],\"inLanguage\":\"es\"},{\"@type\":\"Organization\",\"@id\":\"https:\/\/homologacionesguerrero.com\/paginaweb\/#organization\",\"name\":\"homologaciones guerrero\",\"url\":\"https:\/\/homologacionesguerrero.com\/paginaweb\/\",\"logo\":{\"@type\":\"ImageObject\",\"inLanguage\":\"es\",\"@id\":\"https:\/\/homologacionesguerrero.com\/paginaweb\/#\/schema\/logo\/image\/\",\"url\":\"https:\/\/homologacionesguerrero.com\/paginaweb\/wp-content\/uploads\/2025\/05\/homologaciones-logo_s.png\",\"contentUrl\":\"https:\/\/homologacionesguerrero.com\/paginaweb\/wp-content\/uploads\/2025\/05\/homologaciones-logo_s.png\",\"width\":75,\"height\":59,\"caption\":\"homologaciones guerrero\"},\"image\":{\"@id\":\"https:\/\/homologacionesguerrero.com\/paginaweb\/#\/schema\/logo\/image\/\"}}]}<\/script>\r\n<!-- \/ Yoast SEO plugin. -->","yoast_head_json":{"title":"PROTECCION DE DATOS - homologaciones guerrero","description":"El Reglamento General de Protecci\u00f3n de Datos (Reglamento (UE) 2016\/679) armoniza la legislaci\u00f3n en materia de Protecci\u00f3n de Datos","robots":{"index":"index","follow":"follow","max-snippet":"max-snippet:-1","max-image-preview":"max-image-preview:large","max-video-preview":"max-video-preview:-1"},"canonical":"https:\/\/homologacionesguerrero.com\/paginaweb\/proteccion-de-datos\/","og_locale":"es_ES","og_type":"article","og_title":"PROTECCION DE DATOS - homologaciones guerrero","og_description":"El Reglamento General de Protecci\u00f3n de Datos (Reglamento (UE) 2016\/679) armoniza la legislaci\u00f3n en materia de Protecci\u00f3n de Datos","og_url":"https:\/\/homologacionesguerrero.com\/paginaweb\/proteccion-de-datos\/","og_site_name":"homologaciones guerrero","article_modified_time":"2025-07-18T09:26:03+00:00","twitter_card":"summary_large_image","twitter_misc":{"Tiempo de lectura":"6 minutos"},"schema":{"@context":"https:\/\/schema.org","@graph":[{"@type":"WebPage","@id":"https:\/\/homologacionesguerrero.com\/paginaweb\/proteccion-de-datos\/","url":"https:\/\/homologacionesguerrero.com\/paginaweb\/proteccion-de-datos\/","name":"PROTECCION DE DATOS - homologaciones guerrero","isPartOf":{"@id":"https:\/\/homologacionesguerrero.com\/paginaweb\/#website"},"datePublished":"2025-05-19T16:48:36+00:00","dateModified":"2025-07-18T09:26:03+00:00","description":"El Reglamento General de Protecci\u00f3n de Datos (Reglamento (UE) 2016\/679) armoniza la legislaci\u00f3n en materia de Protecci\u00f3n de Datos","breadcrumb":{"@id":"https:\/\/homologacionesguerrero.com\/paginaweb\/proteccion-de-datos\/#breadcrumb"},"inLanguage":"es","potentialAction":[{"@type":"ReadAction","target":["https:\/\/homologacionesguerrero.com\/paginaweb\/proteccion-de-datos\/"]}]},{"@type":"BreadcrumbList","@id":"https:\/\/homologacionesguerrero.com\/paginaweb\/proteccion-de-datos\/#breadcrumb","itemListElement":[{"@type":"ListItem","position":1,"name":"Portada","item":"https:\/\/homologacionesguerrero.com\/paginaweb\/"},{"@type":"ListItem","position":2,"name":"PROTECCION DE DATOS"}]},{"@type":"WebSite","@id":"https:\/\/homologacionesguerrero.com\/paginaweb\/#website","url":"https:\/\/homologacionesguerrero.com\/paginaweb\/","name":"homologaciones guerrero","description":"Homologaciones Guerrero naci\u00f3 en 1981 como una empresa pionera en Espa\u00f1a dentro del sector de la homologaci\u00f3n de veh\u00edculos y componentes.","publisher":{"@id":"https:\/\/homologacionesguerrero.com\/paginaweb\/#organization"},"potentialAction":[{"@type":"SearchAction","target":{"@type":"EntryPoint","urlTemplate":"https:\/\/homologacionesguerrero.com\/paginaweb\/?s={search_term_string}"},"query-input":{"@type":"PropertyValueSpecification","valueRequired":true,"valueName":"search_term_string"}}],"inLanguage":"es"},{"@type":"Organization","@id":"https:\/\/homologacionesguerrero.com\/paginaweb\/#organization","name":"homologaciones guerrero","url":"https:\/\/homologacionesguerrero.com\/paginaweb\/","logo":{"@type":"ImageObject","inLanguage":"es","@id":"https:\/\/homologacionesguerrero.com\/paginaweb\/#\/schema\/logo\/image\/","url":"https:\/\/homologacionesguerrero.com\/paginaweb\/wp-content\/uploads\/2025\/05\/homologaciones-logo_s.png","contentUrl":"https:\/\/homologacionesguerrero.com\/paginaweb\/wp-content\/uploads\/2025\/05\/homologaciones-logo_s.png","width":75,"height":59,"caption":"homologaciones guerrero"},"image":{"@id":"https:\/\/homologacionesguerrero.com\/paginaweb\/#\/schema\/logo\/image\/"}}]}},"_links":{"self":[{"href":"https:\/\/homologacionesguerrero.com\/paginaweb\/wp-json\/wp\/v2\/pages\/3","targetHints":{"allow":["GET"]}}],"collection":[{"href":"https:\/\/homologacionesguerrero.com\/paginaweb\/wp-json\/wp\/v2\/pages"}],"about":[{"href":"https:\/\/homologacionesguerrero.com\/paginaweb\/wp-json\/wp\/v2\/types\/page"}],"author":[{"embeddable":true,"href":"https:\/\/homologacionesguerrero.com\/paginaweb\/wp-json\/wp\/v2\/users\/1"}],"replies":[{"embeddable":true,"href":"https:\/\/homologacionesguerrero.com\/paginaweb\/wp-json\/wp\/v2\/comments?post=3"}],"version-history":[{"count":4,"href":"https:\/\/homologacionesguerrero.com\/paginaweb\/wp-json\/wp\/v2\/pages\/3\/revisions"}],"predecessor-version":[{"id":1832,"href":"https:\/\/homologacionesguerrero.com\/paginaweb\/wp-json\/wp\/v2\/pages\/3\/revisions\/1832"}],"wp:attachment":[{"href":"https:\/\/homologacionesguerrero.com\/paginaweb\/wp-json\/wp\/v2\/media?parent=3"}],"curies":[{"name":"wp","href":"https:\/\/api.w.org\/{rel}","templated":true}]}}